{"id":5374,"date":"2024-02-14T10:01:03","date_gmt":"2024-02-14T07:01:03","guid":{"rendered":"https:\/\/escoin.ee\/?page_id=5374"},"modified":"2024-03-12T15:38:10","modified_gmt":"2024-03-12T12:38:10","slug":"start-your-adventure","status":"publish","type":"page","link":"https:\/\/escoin.ee\/et\/start-your-adventure\/","title":{"rendered":"Alustage oma seiklust"},"content":{"rendered":"<div data-elementor-type=\"wp-page\" data-elementor-id=\"5374\" class=\"elementor elementor-5374\">\n\t\t\t\t<div class=\"elementor-element elementor-element-5a05f114 e-flex e-con-boxed e-con e-parent\" data-id=\"5a05f114\" data-element_type=\"container\" data-settings=\"{&quot;background_background&quot;:&quot;classic&quot;}\">\n\t\t\t\t\t<div class=\"e-con-inner\">\n\t\t\t\t<div class=\"elementor-element elementor-element-2aa5d309 elementor-widget elementor-widget-heading\" data-id=\"2aa5d309\" data-element_type=\"widget\" data-widget_type=\"heading.default\">\n\t\t\t\t<div class=\"elementor-widget-container\">\n\t\t\t<style>\/*! elementor - v3.23.0 - 05-08-2024 *\/\n.elementor-heading-title{padding:0;margin:0;line-height:1}.elementor-widget-heading .elementor-heading-title[class*=elementor-size-]>a{color:inherit;font-size:inherit;line-height:inherit}.elementor-widget-heading .elementor-heading-title.elementor-size-small{font-size:15px}.elementor-widget-heading .elementor-heading-title.elementor-size-medium{font-size:19px}.elementor-widget-heading .elementor-heading-title.elementor-size-large{font-size:29px}.elementor-widget-heading .elementor-heading-title.elementor-size-xl{font-size:39px}.elementor-widget-heading .elementor-heading-title.elementor-size-xxl{font-size:59px}<\/style><h1 class=\"elementor-heading-title elementor-size-default\">ALUSTA OMA SEIKLUST<\/h1>\t\t<\/div>\n\t\t\t\t<\/div>\n\t\t\t\t\t<\/div>\n\t\t\t\t<\/div>\n\t\t<div class=\"elementor-element elementor-element-a90bcce e-flex e-con-boxed e-con e-parent\" data-id=\"a90bcce\" data-element_type=\"container\">\n\t\t\t\t\t<div class=\"e-con-inner\">\n\t\t<div class=\"elementor-element elementor-element-43acd1e e-con-full e-flex e-con e-child\" data-id=\"43acd1e\" data-element_type=\"container\">\n\t\t\t\t<div class=\"elementor-element elementor-element-c268680 elementor-widget elementor-widget-text-editor\" data-id=\"c268680\" data-element_type=\"widget\" data-widget_type=\"text-editor.default\">\n\t\t\t\t<div class=\"elementor-widget-container\">\n\t\t\t<style>\/*! elementor - v3.23.0 - 05-08-2024 *\/\n.elementor-widget-text-editor.elementor-drop-cap-view-stacked .elementor-drop-cap{background-color:#69727d;color:#fff}.elementor-widget-text-editor.elementor-drop-cap-view-framed .elementor-drop-cap{color:#69727d;border:3px solid;background-color:transparent}.elementor-widget-text-editor:not(.elementor-drop-cap-view-default) .elementor-drop-cap{margin-top:8px}.elementor-widget-text-editor:not(.elementor-drop-cap-view-default) .elementor-drop-cap-letter{width:1em;height:1em}.elementor-widget-text-editor .elementor-drop-cap{float:left;text-align:center;line-height:1;font-size:50px}.elementor-widget-text-editor .elementor-drop-cap-letter{display:inline-block}<\/style>\t\t\t\t<h2>Kuidas Teenida Kr\u00fcptom\u00e4nge<\/h2><p>Kuna kr\u00fcptovaluutade populaarsus kasvab j\u00e4tkuvalt, uurivad inimesed v\u00f5imalusi nende digitaalsete varade teenimiseks. Kuigi m\u00e4ngude m\u00e4ngimist peetakse sageli vaba aja veetmiseks, on n\u00fc\u00fcd v\u00f5imalik m\u00e4ngides kr\u00fcptoraha teenida. See annab m\u00e4ngijatele v\u00f5imaluse koguda reaalset v\u00e4\u00e4rtust, nautides samal ajal oma lemmikajaviidet.<\/p><h3>Kr\u00fcpto Teenimine M\u00e4ngude Kaudu<\/h3><p>Paljud m\u00e4nguplatvormid ja arendajad pakuvad m\u00e4ngijatele erinevaid meetodeid kr\u00fcpto teenimiseks m\u00e4ngude m\u00e4ngimise ajal. Need s\u00fcsteemid n\u00f5uavad tavaliselt m\u00e4ngijatelt konkreetsete \u00fclesannete t\u00e4itmist v\u00f5i teatud verstapostide saavutamist m\u00e4ngu sees. N\u00e4iteks m\u00e4ngusisese missiooni t\u00e4itmine v\u00f5i teatud taseme saavutamine.<\/p>\t\t\t\t\t\t<\/div>\n\t\t\t\t<\/div>\n\t\t\t\t<div data-color=\"#F6AD1F,#F7496A,#565AD8,#F6AD1F,#F7496A\" class=\"elementor-element elementor-element-4cc3388 raven-animated-gradient-yes elementor-widget elementor-widget-raven-button\" data-id=\"4cc3388\" data-element_type=\"widget\" data-settings=\"{&quot;turn_to_popup_action_button&quot;:&quot;no&quot;}\" data-widget_type=\"raven-button.default\">\n\t\t\t\t<div class=\"elementor-widget-container\">\n\t\t\t\t\t<div class=\"raven-widget-wrapper\">\n\t\t\t<a class=\"raven-button raven-button-widget-normal-effect-none  raven-button-text-align-center raven-button-link elementor-animation-none\" href=\"https:\/\/www.nakamoto.games\/register?referral=65cc5c6abe75d615ef8d2671\">\t\t\t\t<div class=\"raven-button-overlay\" data-background-size=\"400% 100%\" data-animation-name=\"AnimatedGradientBgLeft\" data-angle=\"90deg\" data-speed=\"3s\" data-color=\"#F6AD1F,#F7496A,#565AD8,#F6AD1F,#F7496A\" style=\"background-image : linear-gradient( 90deg,#F6AD1F,#F7496A,#565AD8,#F6AD1F,#F7496A );animation-duration: 3s;animation-name: AnimatedGradientBgLeft;background-size: 400% 100%;\"><\/div>\n\t\t\t\t<span class=\"raven-button-content\">\n\t\t\t\t\t\n\t\t\t\t\t<div class=\"button-text-container\">\n\t\t\t\t\t\t\t\t\t\t\t\t<div class=\"raven-button-texts-wrapper\">\n\t\t\t\t\t\t\t<div class=\"button-text\">\n\t\t\t\t\t\t\t\t<span class=\"raven-button-text\">\n\t\t\t\t\t\t\t\t\tAlustage oma seiklust\t\t\t\t\t\t\t\t<\/span>\n\t\t\t\t\t\t\t<\/div>\n\t\t\t\t\t\t\t\t\t\t\t\t\t<\/div>\n\t\t\t\t\t\t\t\t\t\t\t<\/div>\n\t\t\t\t\t\n\t\t\t\t\t\t\t\t\t<\/span>\n\t\t\t<\/a>\t\t<\/div>\n\t\t\t\t<\/div>\n\t\t\t\t<\/div>\n\t\t\t\t<\/div>\n\t\t<div class=\"elementor-element elementor-element-9724396 e-con-full e-flex e-con e-child\" data-id=\"9724396\" data-element_type=\"container\">\n\t\t\t\t<div class=\"elementor-element elementor-element-6fae68f elementor-widget elementor-widget-html\" data-id=\"6fae68f\" data-element_type=\"widget\" data-widget_type=\"html.default\">\n\t\t\t\t<div class=\"elementor-widget-container\">\n\t\t\t<script src=\"https:\/\/unpkg.com\/@dotlottie\/player-component@latest\/dist\/dotlottie-player.mjs\" type=\"module\"><\/script> \r\n\r\n    <dotlottie-player src=\"https:\/\/lottie.host\/663700e8-9d57-4452-b858-3fc35afa1a10\/XPFXvVm0fB.json\" background=\"transparent\" speed=\"1\" style=\"width: 400px; height: 400px;\" loop autoplay><\/dotlottie-player>\t\t<\/div>\n\t\t\t\t<\/div>\n\t\t\t\t<\/div>\n\t\t\t\t\t<\/div>\n\t\t\t\t<\/div>\n\t\t<div class=\"elementor-element elementor-element-3ccc44f e-flex e-con-boxed e-con e-parent\" data-id=\"3ccc44f\" data-element_type=\"container\">\n\t\t\t\t\t<div class=\"e-con-inner\">\n\t\t<div class=\"elementor-element elementor-element-b258907 e-con-full e-flex e-con e-child\" data-id=\"b258907\" data-element_type=\"container\">\n\t\t\t\t<div class=\"elementor-element elementor-element-66f83e3 elementor-widget elementor-widget-html\" data-id=\"66f83e3\" data-element_type=\"widget\" data-widget_type=\"html.default\">\n\t\t\t\t<div class=\"elementor-widget-container\">\n\t\t\t<script src=\"https:\/\/unpkg.com\/@dotlottie\/player-component@latest\/dist\/dotlottie-player.mjs\" type=\"module\"><\/script> \r\n\r\n    <dotlottie-player src=\"https:\/\/lottie.host\/24c79420-49d4-44c4-9323-cf16a81e2d65\/ObVNAwLkl9.json\" background=\"transparent\" speed=\"1\" style=\"width: 400px; height: 400px;\" loop autoplay><\/dotlottie-player>\t\t<\/div>\n\t\t\t\t<\/div>\n\t\t\t\t<\/div>\n\t\t<div class=\"elementor-element elementor-element-2dc2f95 e-con-full e-flex e-con e-child\" data-id=\"2dc2f95\" data-element_type=\"container\">\n\t\t\t\t<div class=\"elementor-element elementor-element-3723818 elementor-widget elementor-widget-text-editor\" data-id=\"3723818\" data-element_type=\"widget\" data-widget_type=\"text-editor.default\">\n\t\t\t\t<div class=\"elementor-widget-container\">\n\t\t\t\t\t\t\t<h3>Kr\u00fcptopreemiate Eelised<\/h3><p>M\u00e4ngu ajal kr\u00fcpto teenimisel on mitmeid eeliseid:<\/p><h4>1. Meelelahutus ja tulud kokku<\/h4><p>M\u00e4ngijad mitte ainult ei l\u00f5butse m\u00e4ngides, vaid j\u00e4\u00e4vad ka motiveerituks, teenides k\u00e4egakatsutava v\u00e4\u00e4rtusega kr\u00fcptovarasid.<\/p><h4>2. Paindlikkus<\/h4><p>Kuna kr\u00fcptovaluutad on digitaalsed, saab teenitud varasid sageli kulutada v\u00f5i nendega kaubelda muudel digitaalplatvormidel, pakkudes m\u00e4ngijatele paindlikkust oma tulude kasutamisel.<\/p><h4>3. Globaalne juurdep\u00e4\u00e4s<\/h4><p>Kr\u00fcptovaluutad on piirideta, v\u00f5imaldades m\u00e4ngijatel kogu maailmas osaleda teenimisv\u00f5imalustes olenemata asukohast.<\/p>\t\t\t\t\t\t<\/div>\n\t\t\t\t<\/div>\n\t\t\t\t<\/div>\n\t\t\t\t\t<\/div>\n\t\t\t\t<\/div>\n\t\t<div class=\"elementor-element elementor-element-96581e0 e-flex e-con-boxed e-con e-parent\" data-id=\"96581e0\" data-element_type=\"container\">\n\t\t\t\t\t<div class=\"e-con-inner\">\n\t\t<div class=\"elementor-element elementor-element-eb9dc5b e-con-full e-flex e-con e-child\" data-id=\"eb9dc5b\" data-element_type=\"container\">\n\t\t\t\t<div class=\"elementor-element elementor-element-3752929 elementor-widget elementor-widget-text-editor\" data-id=\"3752929\" data-element_type=\"widget\" data-widget_type=\"text-editor.default\">\n\t\t\t\t<div class=\"elementor-widget-container\">\n\t\t\t\t\t\t\t<h3>1. Mitmekesine valik m\u00e4nge<\/h3><p>Pakume mitmek\u00fclgset m\u00e4nguvalikut erinevatele huvidele ja eelistustele. \u00dcksk\u00f5ik, kas tegelete tegevus-, strateegia-, nuputamis- v\u00f5i simulatsioonim\u00e4ngudega, meil on iga\u00fchele midagi.<\/p><h3>2. L\u00e4bipaistvad kr\u00fcptopreemiad<\/h3><p>Usume kr\u00fcptopreemiate l\u00e4bipaistvusse. Meie m\u00e4nge m\u00e4ngides teate alati teenitud kr\u00fcpto tegelikku v\u00e4\u00e4rtust. Ei mingeid varjatud tegevuskavasid, vaid lihtsad auhinnad teie m\u00e4ngusaavutuste eest.<\/p><h3>3. Tipptasemel turvameetmed<\/h3><p>Teie turvalisus on meie prioriteet. Rakendame tipptasemel turvameetmeid, et kaitsta teie kr\u00fcptovarasid ja isiklikku teavet, tagades turvalise ja turvalise m\u00e4ngukogemuse.<\/p><h3>4. Kogukonna kaasamine<\/h3><p>Liituge meie elava m\u00e4ngukogukonnaga ja v\u00f5tke \u00fchendust kaasm\u00e4ngijatega kogu maailmast. Jagage n\u00e4pun\u00e4iteid, strateegiaid ja kogemusi, kui asute \u00fchisele kr\u00fcptom\u00e4ngude teekonnale.<\/p>\t\t\t\t\t\t<\/div>\n\t\t\t\t<\/div>\n\t\t\t\t<div data-color=\"#F6AD1F,#F7496A,#565AD8,#F6AD1F,#F7496A\" class=\"elementor-element elementor-element-d469f81 elementor-align-left raven-animated-gradient-yes elementor-widget elementor-widget-raven-button\" data-id=\"d469f81\" data-element_type=\"widget\" data-settings=\"{&quot;turn_to_popup_action_button&quot;:&quot;no&quot;}\" data-widget_type=\"raven-button.default\">\n\t\t\t\t<div class=\"elementor-widget-container\">\n\t\t\t\t\t<div class=\"raven-widget-wrapper\">\n\t\t\t<a class=\"raven-button raven-button-widget-normal-effect-none  raven-button-text-align-center raven-button-link elementor-animation-none\" href=\"https:\/\/www.nakamoto.games\/register?referral=65cc5c6abe75d615ef8d2671\">\t\t\t\t<div class=\"raven-button-overlay\" data-background-size=\"400% 100%\" data-animation-name=\"AnimatedGradientBgLeft\" data-angle=\"90deg\" data-speed=\"3s\" data-color=\"#F6AD1F,#F7496A,#565AD8,#F6AD1F,#F7496A\" style=\"background-image : linear-gradient( 90deg,#F6AD1F,#F7496A,#565AD8,#F6AD1F,#F7496A );animation-duration: 3s;animation-name: AnimatedGradientBgLeft;background-size: 400% 100%;\"><\/div>\n\t\t\t\t<span class=\"raven-button-content\">\n\t\t\t\t\t\n\t\t\t\t\t<div class=\"button-text-container\">\n\t\t\t\t\t\t\t\t\t\t\t\t<div class=\"raven-button-texts-wrapper\">\n\t\t\t\t\t\t\t<div class=\"button-text\">\n\t\t\t\t\t\t\t\t<span class=\"raven-button-text\">\n\t\t\t\t\t\t\t\t\tAlustage oma seiklust\t\t\t\t\t\t\t\t<\/span>\n\t\t\t\t\t\t\t<\/div>\n\t\t\t\t\t\t\t\t\t\t\t\t\t<\/div>\n\t\t\t\t\t\t\t\t\t\t\t<\/div>\n\t\t\t\t\t\n\t\t\t\t\t\t\t\t\t<\/span>\n\t\t\t<\/a>\t\t<\/div>\n\t\t\t\t<\/div>\n\t\t\t\t<\/div>\n\t\t\t\t<\/div>\n\t\t<div class=\"elementor-element elementor-element-3b3119b e-con-full e-flex e-con e-child\" data-id=\"3b3119b\" data-element_type=\"container\">\n\t\t\t\t<div class=\"elementor-element elementor-element-d1993de elementor-widget elementor-widget-text-editor\" data-id=\"d1993de\" data-element_type=\"widget\" data-widget_type=\"text-editor.default\">\n\t\t\t\t<div class=\"elementor-widget-container\">\n\t\t\t\t\t\t\t<h3>5. Pidev innovatsioon<\/h3><p>Oleme p\u00fchendunud pidevale uuendusele, v\u00e4rskendades regulaarselt oma m\u00e4nge ja platvormi, et pakkuda teile parimat v\u00f5imalikku m\u00e4ngukogemust. Oodake uusi funktsioone, v\u00e4ljakutseid ja auhindu, et hoida teie m\u00e4ngukogemus v\u00e4rske ja p\u00f5nevana.<\/p>\t\t\t\t\t\t<\/div>\n\t\t\t\t<\/div>\n\t\t\t\t<div class=\"elementor-element elementor-element-ef4cf60 elementor-widget elementor-widget-html\" data-id=\"ef4cf60\" data-element_type=\"widget\" data-widget_type=\"html.default\">\n\t\t\t\t<div class=\"elementor-widget-container\">\n\t\t\t<script src=\"https:\/\/unpkg.com\/@dotlottie\/player-component@latest\/dist\/dotlottie-player.mjs\" type=\"module\"><\/script> \r\n\r\n    <dotlottie-player src=\"https:\/\/lottie.host\/6a9c2282-4e2f-49ed-b4c8-2072cc062f34\/AnD3ZwQPNr.json\" background=\"transparent\" speed=\"1\" style=\"width: 400px; height: 400px;\" loop autoplay><\/dotlottie-player>\t\t<\/div>\n\t\t\t\t<\/div>\n\t\t\t\t<\/div>\n\t\t\t\t\t<\/div>\n\t\t\t\t<\/div>\n\t\t<div class=\"elementor-element elementor-element-d29a336 e-flex e-con-boxed e-con e-parent\" data-id=\"d29a336\" data-element_type=\"container\">\n\t\t\t\t\t<div class=\"e-con-inner\">\n\t\t\t\t<div class=\"elementor-element elementor-element-79a7aee elementor-widget elementor-widget-spacer\" data-id=\"79a7aee\" data-element_type=\"widget\" data-widget_type=\"spacer.default\">\n\t\t\t\t<div class=\"elementor-widget-container\">\n\t\t\t<style>\/*! elementor - v3.23.0 - 05-08-2024 *\/\n.elementor-column .elementor-spacer-inner{height:var(--spacer-size)}.e-con{--container-widget-width:100%}.e-con-inner>.elementor-widget-spacer,.e-con>.elementor-widget-spacer{width:var(--container-widget-width,var(--spacer-size));--align-self:var(--container-widget-align-self,initial);--flex-shrink:0}.e-con-inner>.elementor-widget-spacer>.elementor-widget-container,.e-con>.elementor-widget-spacer>.elementor-widget-container{height:100%;width:100%}.e-con-inner>.elementor-widget-spacer>.elementor-widget-container>.elementor-spacer,.e-con>.elementor-widget-spacer>.elementor-widget-container>.elementor-spacer{height:100%}.e-con-inner>.elementor-widget-spacer>.elementor-widget-container>.elementor-spacer>.elementor-spacer-inner,.e-con>.elementor-widget-spacer>.elementor-widget-container>.elementor-spacer>.elementor-spacer-inner{height:var(--container-widget-height,var(--spacer-size))}.e-con-inner>.elementor-widget-spacer.elementor-widget-empty,.e-con>.elementor-widget-spacer.elementor-widget-empty{position:relative;min-height:22px;min-width:22px}.e-con-inner>.elementor-widget-spacer.elementor-widget-empty .elementor-widget-empty-icon,.e-con>.elementor-widget-spacer.elementor-widget-empty .elementor-widget-empty-icon{position:absolute;top:0;bottom:0;left:0;right:0;margin:auto;padding:0;width:22px;height:22px}<\/style>\t\t<div class=\"elementor-spacer\">\n\t\t\t<div class=\"elementor-spacer-inner\"><\/div>\n\t\t<\/div>\n\t\t\t\t<\/div>\n\t\t\t\t<\/div>\n\t\t\t\t\t<\/div>\n\t\t\t\t<\/div>\n\t\t\t\t<\/div>","protected":false},"excerpt":{"rendered":"<p>START YOUR ADVENTURE How to Earn Crypto Playing Games As cryptocurrencies continue to rise in popularity, people are exploring ways to earn these digital assets. While playing games is often seen as a leisure activity, it&#8217;s now possible to earn crypto while gaming. This presents gamers with an opportunity to accrue real-world value while indulging [&hellip;]<\/p>","protected":false},"author":1,"featured_media":0,"parent":0,"menu_order":0,"comment_status":"closed","ping_status":"closed","template":"elementor_header_footer","meta":{"_acf_changed":false,"footnotes":""},"class_list":["post-5374","page","type-page","status-publish","hentry"],"acf":[],"yoast_head":"<!-- This site is optimized with the Yoast SEO plugin v23.2 - https:\/\/yoast.com\/wordpress\/plugins\/seo\/ -->\n<title>Start Your Adventure | Escoin (ELG)<\/title>\n<meta name=\"robots\" content=\"index, follow, max-snippet:-1, max-image-preview:large, max-video-preview:-1\" \/>\n<link rel=\"canonical\" href=\"https:\/\/escoin.ee\/et\/start-your-adventure\/\" \/>\n<meta property=\"og:locale\" content=\"et_EE\" \/>\n<meta property=\"og:type\" content=\"article\" \/>\n<meta property=\"og:title\" content=\"Start Your Adventure | Escoin (ELG)\" \/>\n<meta property=\"og:description\" content=\"START YOUR ADVENTURE How to Earn Crypto Playing Games As cryptocurrencies continue to rise in popularity, people are exploring ways to earn these digital assets. While playing games is often seen as a leisure activity, it&#8217;s now possible to earn crypto while gaming. This presents gamers with an opportunity to accrue real-world value while indulging [&hellip;]\" \/>\n<meta property=\"og:url\" content=\"https:\/\/escoin.ee\/et\/start-your-adventure\/\" \/>\n<meta property=\"og:site_name\" content=\"Escoin (ELG)\" \/>\n<meta property=\"article:publisher\" content=\"https:\/\/www.facebook.com\/ICOEscoin\/\" \/>\n<meta property=\"article:modified_time\" content=\"2024-03-12T12:38:10+00:00\" \/>\n<meta name=\"twitter:card\" content=\"summary_large_image\" \/>\n<meta name=\"twitter:site\" content=\"@EsCoinICO\" \/>\n<meta name=\"twitter:label1\" content=\"Est. reading time\" \/>\n\t<meta name=\"twitter:data1\" content=\"2 minutit\" \/>\n<script type=\"application\/ld+json\" class=\"yoast-schema-graph\">{\"@context\":\"https:\/\/schema.org\",\"@graph\":[{\"@type\":\"WebPage\",\"@id\":\"https:\/\/escoin.ee\/start-your-adventure\/\",\"url\":\"https:\/\/escoin.ee\/start-your-adventure\/\",\"name\":\"Start Your Adventure | Escoin (ELG)\",\"isPartOf\":{\"@id\":\"https:\/\/escoin.ee\/#website\"},\"datePublished\":\"2024-02-14T07:01:03+00:00\",\"dateModified\":\"2024-03-12T12:38:10+00:00\",\"breadcrumb\":{\"@id\":\"https:\/\/escoin.ee\/start-your-adventure\/#breadcrumb\"},\"inLanguage\":\"et\",\"potentialAction\":[{\"@type\":\"ReadAction\",\"target\":[\"https:\/\/escoin.ee\/start-your-adventure\/\"]}]},{\"@type\":\"BreadcrumbList\",\"@id\":\"https:\/\/escoin.ee\/start-your-adventure\/#breadcrumb\",\"itemListElement\":[{\"@type\":\"ListItem\",\"position\":1,\"name\":\"Home\",\"item\":\"https:\/\/escoin.ee\/\"},{\"@type\":\"ListItem\",\"position\":2,\"name\":\"Start Your Adventure\"}]},{\"@type\":\"WebSite\",\"@id\":\"https:\/\/escoin.ee\/#website\",\"url\":\"https:\/\/escoin.ee\/\",\"name\":\"Escoin (ELG)\",\"description\":\"Global Legal Service!\",\"publisher\":{\"@id\":\"https:\/\/escoin.ee\/#organization\"},\"alternateName\":\"Escoin Token\",\"potentialAction\":[{\"@type\":\"SearchAction\",\"target\":{\"@type\":\"EntryPoint\",\"urlTemplate\":\"https:\/\/escoin.ee\/?s={search_term_string}\"},\"query-input\":\"required name=search_term_string\"}],\"inLanguage\":\"et\"},{\"@type\":\"Organization\",\"@id\":\"https:\/\/escoin.ee\/#organization\",\"name\":\"Escoin (ELG)\",\"alternateName\":\"Escoin Token\",\"url\":\"https:\/\/escoin.ee\/\",\"logo\":{\"@type\":\"ImageObject\",\"inLanguage\":\"et\",\"@id\":\"https:\/\/escoin.ee\/#\/schema\/logo\/image\/\",\"url\":\"https:\/\/escoin.ee\/wp-content\/uploads\/escoin-logotype.svg\",\"contentUrl\":\"https:\/\/escoin.ee\/wp-content\/uploads\/escoin-logotype.svg\",\"width\":546,\"height\":546,\"caption\":\"Escoin (ELG)\"},\"image\":{\"@id\":\"https:\/\/escoin.ee\/#\/schema\/logo\/image\/\"},\"sameAs\":[\"https:\/\/www.facebook.com\/ICOEscoin\/\",\"https:\/\/x.com\/EsCoinICO\",\"https:\/\/www.instagram.com\/escointoken_elg\/\",\"https:\/\/www.linkedin.com\/company\/escoinico\/\",\"https:\/\/www.reddit.com\/user\/EsCoinICO\",\"https:\/\/www.youtube.com\/@escoinico8340\",\"https:\/\/t.me\/EscoinICO\"]}]}<\/script>\n<!-- \/ Yoast SEO plugin. -->","yoast_head_json":{"title":"Start Your Adventure | Escoin (ELG)","robots":{"index":"index","follow":"follow","max-snippet":"max-snippet:-1","max-image-preview":"max-image-preview:large","max-video-preview":"max-video-preview:-1"},"canonical":"https:\/\/escoin.ee\/et\/start-your-adventure\/","og_locale":"et_EE","og_type":"article","og_title":"Start Your Adventure | Escoin (ELG)","og_description":"START YOUR ADVENTURE How to Earn Crypto Playing Games As cryptocurrencies continue to rise in popularity, people are exploring ways to earn these digital assets. While playing games is often seen as a leisure activity, it&#8217;s now possible to earn crypto while gaming. This presents gamers with an opportunity to accrue real-world value while indulging [&hellip;]","og_url":"https:\/\/escoin.ee\/et\/start-your-adventure\/","og_site_name":"Escoin (ELG)","article_publisher":"https:\/\/www.facebook.com\/ICOEscoin\/","article_modified_time":"2024-03-12T12:38:10+00:00","twitter_card":"summary_large_image","twitter_site":"@EsCoinICO","twitter_misc":{"Est. reading time":"2 minutit"},"schema":{"@context":"https:\/\/schema.org","@graph":[{"@type":"WebPage","@id":"https:\/\/escoin.ee\/start-your-adventure\/","url":"https:\/\/escoin.ee\/start-your-adventure\/","name":"Start Your Adventure | Escoin (ELG)","isPartOf":{"@id":"https:\/\/escoin.ee\/#website"},"datePublished":"2024-02-14T07:01:03+00:00","dateModified":"2024-03-12T12:38:10+00:00","breadcrumb":{"@id":"https:\/\/escoin.ee\/start-your-adventure\/#breadcrumb"},"inLanguage":"et","potentialAction":[{"@type":"ReadAction","target":["https:\/\/escoin.ee\/start-your-adventure\/"]}]},{"@type":"BreadcrumbList","@id":"https:\/\/escoin.ee\/start-your-adventure\/#breadcrumb","itemListElement":[{"@type":"ListItem","position":1,"name":"Home","item":"https:\/\/escoin.ee\/"},{"@type":"ListItem","position":2,"name":"Start Your Adventure"}]},{"@type":"WebSite","@id":"https:\/\/escoin.ee\/#website","url":"https:\/\/escoin.ee\/","name":"Escoin (ELG)","description":"Global Legal Service!","publisher":{"@id":"https:\/\/escoin.ee\/#organization"},"alternateName":"Escoin Token","potentialAction":[{"@type":"SearchAction","target":{"@type":"EntryPoint","urlTemplate":"https:\/\/escoin.ee\/?s={search_term_string}"},"query-input":"required name=search_term_string"}],"inLanguage":"et"},{"@type":"Organization","@id":"https:\/\/escoin.ee\/#organization","name":"Escoin (ELG)","alternateName":"Escoin Token","url":"https:\/\/escoin.ee\/","logo":{"@type":"ImageObject","inLanguage":"et","@id":"https:\/\/escoin.ee\/#\/schema\/logo\/image\/","url":"https:\/\/escoin.ee\/wp-content\/uploads\/escoin-logotype.svg","contentUrl":"https:\/\/escoin.ee\/wp-content\/uploads\/escoin-logotype.svg","width":546,"height":546,"caption":"Escoin (ELG)"},"image":{"@id":"https:\/\/escoin.ee\/#\/schema\/logo\/image\/"},"sameAs":["https:\/\/www.facebook.com\/ICOEscoin\/","https:\/\/x.com\/EsCoinICO","https:\/\/www.instagram.com\/escointoken_elg\/","https:\/\/www.linkedin.com\/company\/escoinico\/","https:\/\/www.reddit.com\/user\/EsCoinICO","https:\/\/www.youtube.com\/@escoinico8340","https:\/\/t.me\/EscoinICO"]}]}},"_links":{"self":[{"href":"https:\/\/escoin.ee\/et\/wp-json\/wp\/v2\/pages\/5374"}],"collection":[{"href":"https:\/\/escoin.ee\/et\/wp-json\/wp\/v2\/pages"}],"about":[{"href":"https:\/\/escoin.ee\/et\/wp-json\/wp\/v2\/types\/page"}],"author":[{"embeddable":true,"href":"https:\/\/escoin.ee\/et\/wp-json\/wp\/v2\/users\/1"}],"replies":[{"embeddable":true,"href":"https:\/\/escoin.ee\/et\/wp-json\/wp\/v2\/comments?post=5374"}],"version-history":[{"count":3,"href":"https:\/\/escoin.ee\/et\/wp-json\/wp\/v2\/pages\/5374\/revisions"}],"predecessor-version":[{"id":6008,"href":"https:\/\/escoin.ee\/et\/wp-json\/wp\/v2\/pages\/5374\/revisions\/6008"}],"wp:attachment":[{"href":"https:\/\/escoin.ee\/et\/wp-json\/wp\/v2\/media?parent=5374"}],"curies":[{"name":"wp","href":"https:\/\/api.w.org\/{rel}","templated":true}]}}