{"id":5067,"date":"2024-02-08T12:37:19","date_gmt":"2024-02-08T09:37:19","guid":{"rendered":"https:\/\/www.escoin.ee\/?page_id=5067"},"modified":"2024-04-04T11:56:34","modified_gmt":"2024-04-04T08:56:34","slug":"create-web3-wallet","status":"publish","type":"page","link":"https:\/\/escoin.ee\/et\/create-web3-wallet\/","title":{"rendered":"Create Web3 Wallet"},"content":{"rendered":"<div data-elementor-type=\"wp-page\" data-elementor-id=\"5067\" class=\"elementor elementor-5067\">\n\t\t\t\t<div class=\"elementor-element elementor-element-13380971 e-flex e-con-boxed e-con e-parent\" data-id=\"13380971\" data-element_type=\"container\" data-settings=\"{&quot;background_background&quot;:&quot;classic&quot;}\">\n\t\t\t\t\t<div class=\"e-con-inner\">\n\t\t\t\t<div class=\"elementor-element elementor-element-70900510 elementor-widget elementor-widget-heading\" data-id=\"70900510\" data-element_type=\"widget\" data-widget_type=\"heading.default\">\n\t\t\t\t<div class=\"elementor-widget-container\">\n\t\t\t<style>\/*! elementor - v3.23.0 - 05-08-2024 *\/\n.elementor-heading-title{padding:0;margin:0;line-height:1}.elementor-widget-heading .elementor-heading-title[class*=elementor-size-]>a{color:inherit;font-size:inherit;line-height:inherit}.elementor-widget-heading .elementor-heading-title.elementor-size-small{font-size:15px}.elementor-widget-heading .elementor-heading-title.elementor-size-medium{font-size:19px}.elementor-widget-heading .elementor-heading-title.elementor-size-large{font-size:29px}.elementor-widget-heading .elementor-heading-title.elementor-size-xl{font-size:39px}.elementor-widget-heading .elementor-heading-title.elementor-size-xxl{font-size:59px}<\/style><h1 class=\"elementor-heading-title elementor-size-default\">LOO WEB-3 RAHAKOTI<\/h1>\t\t<\/div>\n\t\t\t\t<\/div>\n\t\t\t\t\t<\/div>\n\t\t\t\t<\/div>\n\t\t<div class=\"elementor-element elementor-element-91162e2 e-flex e-con-boxed e-con e-parent\" data-id=\"91162e2\" data-element_type=\"container\">\n\t\t\t\t\t<div class=\"e-con-inner\">\n\t\t<div class=\"elementor-element elementor-element-6427b95 e-con-full e-flex e-con e-child\" data-id=\"6427b95\" data-element_type=\"container\">\n\t\t\t\t<div class=\"elementor-element elementor-element-5634bd3 elementor-widget elementor-widget-heading\" data-id=\"5634bd3\" data-element_type=\"widget\" data-widget_type=\"heading.default\">\n\t\t\t\t<div class=\"elementor-widget-container\">\n\t\t\t<h2 class=\"elementor-heading-title elementor-size-default\">K\u00f5ik <br>peate Web3 sisse ehitama<\/h2>\t\t<\/div>\n\t\t\t\t<\/div>\n\t\t\t\t<div class=\"elementor-element elementor-element-b77a26e elementor-widget elementor-widget-text-editor\" data-id=\"b77a26e\" data-element_type=\"widget\" data-widget_type=\"text-editor.default\">\n\t\t\t\t<div class=\"elementor-widget-container\">\n\t\t\t<style>\/*! elementor - v3.23.0 - 05-08-2024 *\/\n.elementor-widget-text-editor.elementor-drop-cap-view-stacked .elementor-drop-cap{background-color:#69727d;color:#fff}.elementor-widget-text-editor.elementor-drop-cap-view-framed .elementor-drop-cap{color:#69727d;border:3px solid;background-color:transparent}.elementor-widget-text-editor:not(.elementor-drop-cap-view-default) .elementor-drop-cap{margin-top:8px}.elementor-widget-text-editor:not(.elementor-drop-cap-view-default) .elementor-drop-cap-letter{width:1em;height:1em}.elementor-widget-text-editor .elementor-drop-cap{float:left;text-align:center;line-height:1;font-size:50px}.elementor-widget-text-editor .elementor-drop-cap-letter{display:inline-block}<\/style>\t\t\t\t<p>Ehitage ja skaleerige oma projekt meie ulatusliku Web3 t\u00f6\u00f6riistade komplekti abil. Pakume rahakotti teenusena, turulahendusi, NFT t\u00f6\u00f6riistu ja palju muud.<\/p>\t\t\t\t\t\t<\/div>\n\t\t\t\t<\/div>\n\t\t\t\t<div data-color=\"#00BFFF,#F7496A,#565AD8,#00BFFF,#F7496A\" class=\"elementor-element elementor-element-415e0ca raven-animated-gradient-yes elementor-mobile-align-center elementor-hidden-desktop elementor-hidden-tablet elementor-hidden-mobile elementor-widget elementor-widget-raven-button\" data-id=\"415e0ca\" data-element_type=\"widget\" data-settings=\"{&quot;turn_to_popup_action_button&quot;:&quot;no&quot;}\" data-widget_type=\"raven-button.default\">\n\t\t\t\t<div class=\"elementor-widget-container\">\n\t\t\t\t\t<div class=\"raven-widget-wrapper\">\n\t\t\t<a class=\"raven-button raven-button-widget-normal-effect-none  raven-button-text-align-center elementor-animation-pulse\">\t\t\t\t<div class=\"raven-button-overlay\" data-background-size=\"400% 100%\" data-animation-name=\"AnimatedGradientBgLeft\" data-angle=\"90deg\" data-speed=\"3s\" data-color=\"#00BFFF,#F7496A,#565AD8,#00BFFF,#F7496A\" style=\"background-image : linear-gradient( 90deg,#00BFFF,#F7496A,#565AD8,#00BFFF,#F7496A );animation-duration: 3s;animation-name: AnimatedGradientBgLeft;background-size: 400% 100%;\"><\/div>\n\t\t\t\t<span class=\"raven-button-content\">\n\t\t\t\t\t\n\t\t\t\t\t<div class=\"button-text-container\">\n\t\t\t\t\t\t\t\t\t<span class=\"raven-button-icon raven-button-icon-position-left\">\n\t\t\t\t<svg aria-hidden=\"true\" class=\"e-font-icon-svg e-fas-bezier-curve\" viewbox=\"0 0 640 512\" xmlns=\"http:\/\/www.w3.org\/2000\/svg\"><path d=\"M368 32h-96c-17.67 0-32 14.33-32 32v96c0 17.67 14.33 32 32 32h96c17.67 0 32-14.33 32-32V64c0-17.67-14.33-32-32-32zM208 88h-84.75C113.75 64.56 90.84 48 64 48 28.66 48 0 76.65 0 112s28.66 64 64 64c26.84 0 49.75-16.56 59.25-40h79.73c-55.37 32.52-95.86 87.32-109.54 152h49.4c11.3-41.61 36.77-77.21 71.04-101.56-3.7-8.08-5.88-16.99-5.88-26.44V88zm-48 232H64c-17.67 0-32 14.33-32 32v96c0 17.67 14.33 32 32 32h96c17.67 0 32-14.33 32-32v-96c0-17.67-14.33-32-32-32zM576 48c-26.84 0-49.75 16.56-59.25 40H432v72c0 9.45-2.19 18.36-5.88 26.44 34.27 24.35 59.74 59.95 71.04 101.56h49.4c-13.68-64.68-54.17-119.48-109.54-152h79.73c9.5 23.44 32.41 40 59.25 40 35.34 0 64-28.65 64-64s-28.66-64-64-64zm0 272h-96c-17.67 0-32 14.33-32 32v96c0 17.67 14.33 32 32 32h96c17.67 0 32-14.33 32-32v-96c0-17.67-14.33-32-32-32z\"><\/path><\/svg>\t\t\t<\/span>\n\t\t\t\t\t\t\t\t<div class=\"raven-button-texts-wrapper\">\n\t\t\t\t\t\t\t<div class=\"button-text\">\n\t\t\t\t\t\t\t\t<span class=\"raven-button-text\">\n\t\t\t\t\t\t\t\t\tSisenege Web3-sse\t\t\t\t\t\t\t\t<\/span>\n\t\t\t\t\t\t\t<\/div>\n\t\t\t\t\t\t\t\t\t\t\t\t\t<\/div>\n\t\t\t\t\t\t\t\t\t\t\t<\/div>\n\t\t\t\t\t\n\t\t\t\t\t\t\t\t\t<\/span>\n\t\t\t<\/a>\t\t<\/div>\n\t\t\t\t<\/div>\n\t\t\t\t<\/div>\n\t\t\t\t<\/div>\n\t\t<div class=\"elementor-element elementor-element-b294c8f e-con-full e-flex e-con e-child\" data-id=\"b294c8f\" data-element_type=\"container\">\n\t\t\t\t<div class=\"elementor-element elementor-element-42869fc elementor-widget elementor-widget-html\" data-id=\"42869fc\" data-element_type=\"widget\" data-widget_type=\"html.default\">\n\t\t\t\t<div class=\"elementor-widget-container\">\n\t\t\t<script src=\"https:\/\/unpkg.com\/@dotlottie\/player-component@latest\/dist\/dotlottie-player.mjs\" type=\"module\"><\/script> \r\n\r\n    <dotlottie-player src=\"https:\/\/lottie.host\/61cd902f-28e8-4a4c-97a1-fa4944aba1f6\/PIbh7oc0Yv.json\" background=\"transparent\" speed=\"1\" style=\"width: 400px; height: 300px;\" loop autoplay><\/dotlottie-player>\t\t<\/div>\n\t\t\t\t<\/div>\n\t\t\t\t<\/div>\n\t\t\t\t\t<\/div>\n\t\t\t\t<\/div>\n\t\t<div class=\"elementor-element elementor-element-1c7acf1 e-flex e-con-boxed e-con e-parent\" data-id=\"1c7acf1\" data-element_type=\"container\">\n\t\t\t\t\t<div class=\"e-con-inner\">\n\t\t\t\t<div class=\"elementor-element elementor-element-d810732 elementor-widget elementor-widget-text-editor\" data-id=\"d810732\" data-element_type=\"widget\" data-widget_type=\"text-editor.default\">\n\t\t\t\t<div class=\"elementor-widget-container\">\n\t\t\t\t\t\t\t<p>Pakume laiaulatuslikku komplekti Web3 t\u00f6\u00f6riistu, mis aitavad teil projekte koostada ja skaleerida. Meie veebisait pakub laia valikut teenuseid, sealhulgas rahakott teenusena (Waas), turulahendusi, NFT t\u00f6\u00f6riistu ja palju muud.<\/p><p>Web3 kaasa toonud revolutsiooniliste muudatustega pakume oma klientidele piiramatud v\u00f5imalused digimaailma muutmisel ja uuenduslike projektide toetamisel. Plokiahela tehnoloogia usaldusv\u00e4\u00e4rsuse ja hajutatud olemusega pakume turvalist kogemust, kaitstes samal ajal oma kasutajate andmeid.<\/p>\t\t\t\t\t\t<\/div>\n\t\t\t\t<\/div>\n\t\t\t\t\t<\/div>\n\t\t\t\t<\/div>\n\t\t<div class=\"elementor-element elementor-element-c7f1995 e-flex e-con-boxed e-con e-parent\" data-id=\"c7f1995\" data-element_type=\"container\">\n\t\t\t\t\t<div class=\"e-con-inner\">\n\t\t<div class=\"elementor-element elementor-element-61c12f4 e-con-full e-flex e-con e-child\" data-id=\"61c12f4\" data-element_type=\"container\">\n\t\t\t\t<div class=\"elementor-element elementor-element-086f9a1 elementor-widget elementor-widget-html\" data-id=\"086f9a1\" data-element_type=\"widget\" data-widget_type=\"html.default\">\n\t\t\t\t<div class=\"elementor-widget-container\">\n\t\t\t<script src=\"https:\/\/unpkg.com\/@dotlottie\/player-component@latest\/dist\/dotlottie-player.mjs\" type=\"module\"><\/script> \r\n\r\n    <dotlottie-player src=\"https:\/\/lottie.host\/99195332-801a-4301-82e3-ca82721bd570\/O3O6KBF51S.json\" background=\"transparent\" speed=\"1\" style=\"width: 300px; height: 380px;\" loop autoplay><\/dotlottie-player>\t\t<\/div>\n\t\t\t\t<\/div>\n\t\t\t\t<\/div>\n\t\t<div class=\"elementor-element elementor-element-1b47aa5 e-con-full e-flex e-con e-child\" data-id=\"1b47aa5\" data-element_type=\"container\">\n\t\t\t\t<div class=\"elementor-element elementor-element-4b464a6 elementor-widget elementor-widget-text-editor\" data-id=\"4b464a6\" data-element_type=\"widget\" data-widget_type=\"text-editor.default\">\n\t\t\t\t<div class=\"elementor-widget-container\">\n\t\t\t\t\t\t\t<p><strong>Meie teenused:<\/strong><\/p><ol><li><p><strong>Rahakott kui teenus (Waas):<\/strong> Web3 rahakotid v\u00f5imaldavad teil oma digitaalseid varasid turvaliselt salvestada ja hallata. Meie Waas-teenus pakub usaldusv\u00e4\u00e4rset ja kasutajas\u00f5bralikku rahakotilahendust, mis annab meie klientidele kindlustunde oma digitaalsete varade haldamisel.<\/p><\/li><li><p><strong>Turulahendused:<\/strong> Meie detsentraliseeritud turulahendused v\u00f5imaldavad kasutajatel Web3 platvormil turvaliselt kaubelda. Meie terviklik turutaristu aitab ettev\u00f5tetel luua oma digitaalsete varadega kauplemisplatvormid.<\/p><\/li><li><p><strong>NFT t\u00f6\u00f6riistad:<\/strong> Mitteasendatavad m\u00e4rgid (NFT-d) esindavad digitaalsete varade ainulaadsust ja omandi\u00f5igust ning on oluline Web3 uuendus. Meie NFT-t\u00f6\u00f6riistad muudavad kunstnike, muusikute, m\u00e4nguarendajate ja teiste jaoks ainulaadsete NFT-de loomise ja haldamise lihtsaks.<\/p><\/li><li><p><strong>DeFi teenused:<\/strong> Meie detsentraliseeritud rahanduse (DeFi) teenused pakuvad kasutajatele suuremat kontrolli ja turvalisust oma kr\u00fcptovarade haldamisel, laenamisel, laenamisel ja muudel finantstehingutel.<\/p><\/li><\/ol>\t\t\t\t\t\t<\/div>\n\t\t\t\t<\/div>\n\t\t\t\t<\/div>\n\t\t\t\t\t<\/div>\n\t\t\t\t<\/div>\n\t\t<div class=\"elementor-element elementor-element-ee33fa1 e-flex e-con-boxed e-con e-parent\" data-id=\"ee33fa1\" data-element_type=\"container\">\n\t\t\t\t\t<div class=\"e-con-inner\">\n\t\t\t\t<div class=\"elementor-element elementor-element-83fe01e elementor-widget elementor-widget-text-editor\" data-id=\"83fe01e\" data-element_type=\"widget\" data-widget_type=\"text-editor.default\">\n\t\t\t\t<div class=\"elementor-widget-container\">\n\t\t\t\t\t\t\t<p><strong>Miks Meie?<\/strong><\/p><ul><li>Web3 tehnoloogia liidritena pakume usaldusv\u00e4\u00e4rset ja uuenduslikku kogemust.<\/li><li>Peame esmat\u00e4htsaks oma kasutajate andmete ja turvalisuse kaitset.<\/li><li>Meie laiaulatuslik teenustevalik pakub paindlikke ja kohandatavaid lahendusi erinevate vajaduste rahuldamiseks.<\/li><li>Meie kasutajas\u00f5bralik liides muudab kasutajatel Web3 eeliste avastamise lihtsaks.<\/li><\/ul><p>\u00a0<\/p><p><strong>Liituge meiega juba t\u00e4na!<\/strong><\/p><p>Liituge meiega juba t\u00e4na, et Web3 abil oma projekte arendada ja skaleerida! Kutsume teid astuma koos meiega sammu digimaailma tulevikku.<\/p><p>Registreeruge lingile vajutades ja alustage Web3 pakutavate v\u00f5imalustega tutvumist!<\/p>\t\t\t\t\t\t<\/div>\n\t\t\t\t<\/div>\n\t\t\t\t<div class=\"elementor-element elementor-element-5edbc6d elementor-widget elementor-widget-html\" data-id=\"5edbc6d\" data-element_type=\"widget\" data-widget_type=\"html.default\">\n\t\t\t\t<div class=\"elementor-widget-container\">\n\t\t\t<script type=\"text\/javascript\" src=\"https:\/\/unpkg.com\/@venly\/connect\"><\/script>\n<script>\n    const venlyConnect = new VenlyConnect('04b9702b-a529-4eb2-ae46-4bd38a69b73f', {\n  environment: 'production'\n});\nconst chain = 'MATIC';\n\nasync function getAccount() {\n  const response = await venlyConnect.flows.getAccount(chain);\n  document.querySelector('#noAuth').hidden = true;\n  document.querySelector('#needsAuth').hidden = false;\n  showResponse('getAccount', response);\n}\n\nasync function authenticate() {\n  const response = await venlyConnect.checkAuthenticated();\n  showResponse('getProfile', response)\n}\n\nasync function manageWallets() {\n  const response = await venlyConnect.flows.manageWallets(chain)\n  showResponse(manageWallets, 'Wallet Created\/Connected')\n}\n\n\nasync function logOut() {\n  const response = await venlyConnect.logout()\n  showResponse(logOut, 'You are logged out')\n}\n\nfunction showResponse(name, response) {\n  console.log(name, response);\n  document.querySelector('#response').value = JSON.stringify(response, null, 3);\n}\n<\/script>\n<style>\n\nh1 {\n  color: #6a0dad; \/* Purple color *\/\n  text-align: center;\n  display: flex;\n  align-items: center;\n  justify-content: center;\n}\n\nh2 {\n  color: #6a0dad; \/* Purple color *\/\n  text-align: center;\n  display: flex;\n  align-items: center;\n  justify-content: center;\n}\n\n.container {\n  display: flex;\n  flex-direction: column;\n  align-items: center;\n}\n\n#noAuth, #needsAuth {\n  background-color:#000000;\n  color:#ffffff;\n  box-shadow: 0 2px 4px rgba(0, 0, 0, 0.1);\n  padding: 5px;\n  margin-bottom: 20px;\n  border-radius: 5px;\n  width: 90%;\n  text-align: center;\n}\n\nbutton {\n  padding: 10px 30px;\n  margin: 5px;\n  cursor: pointer;\n  color: #fff;\n  border: none;\n  border-radius: 3px;\n  transition: background-color 0.5s ease;\n  background-image : linear-gradient( 90deg,#00BFFF,#F7496A,#565AD8,#00BFFF,#F7496A );animation-duration: 3s;animation-name: AnimatedGradientBgLeft;background-size: 400% 100%;\n  font-size:20px;\n  float:left;\n}\n\nbutton:hover {\n  color: #eee !important; \/* Darker shade of purple on hover *\/\n}\n\ntextarea {\n  width: 100%;\n  resize: vertical;\n  padding: 10px;\n  box-sizing: border-box;\n  border: 1px solid #ddd;\n  border-radius: 5px;\n    background-color:#000000;\n  color:#ffffff;\n  margin-top: 10px;\n}\n\nh1 img {\n  width: 40px;\n  height: 40px;\n  margin-right: 10px;\n  border-radius: 50%;\n}\n<\/style>\n\n\n    <div id=\"noAuth\">\n\n      <button class=\"elementor-animation-pulse\" id=\"getAccount\" onclick=\"getAccount()\">Web3 Wallet<\/button>\n    <\/div>\n    <p><\/p>\n    <div id=\"needsAuth\" hidden=\"hidden\">\n      <button id=\"manageWallets\" onclick=\"manageWallets()\">\n        Manage Wallets\n      <\/button>\n      <button id=\"logOut\" onclick=\"logOut()\">\n        Log Out\n      <\/button>\n    <\/div>\t\t<\/div>\n\t\t\t\t<\/div>\n\t\t\t\t\t<\/div>\n\t\t\t\t<\/div>\n\t\t\t\t<\/div>","protected":false},"excerpt":{"rendered":"<p>CREATE WEB-3 WALLET Everything you need to build in Web3 Build &amp; scale your project with our comprehensive set of Web3 tools. We provide Wallet as a Service, marketplace solutions, NFT tools, and more. Enter to Web3 We offer a comprehensive set of Web3 tools to help you build and scale your projects. Our website [&hellip;]<\/p>","protected":false},"author":1,"featured_media":0,"parent":0,"menu_order":0,"comment_status":"closed","ping_status":"closed","template":"elementor_header_footer","meta":{"_acf_changed":false,"footnotes":""},"class_list":["post-5067","page","type-page","status-publish","hentry"],"acf":[],"yoast_head":"<!-- This site is optimized with the Yoast SEO plugin v23.2 - https:\/\/yoast.com\/wordpress\/plugins\/seo\/ -->\n<title>Create Web3 Wallet | Escoin (ELG)<\/title>\n<meta name=\"robots\" content=\"index, follow, max-snippet:-1, max-image-preview:large, max-video-preview:-1\" \/>\n<link rel=\"canonical\" href=\"https:\/\/escoin.ee\/et\/create-web3-wallet\/\" \/>\n<meta property=\"og:locale\" content=\"et_EE\" \/>\n<meta property=\"og:type\" content=\"article\" \/>\n<meta property=\"og:title\" content=\"Create Web3 Wallet | Escoin (ELG)\" \/>\n<meta property=\"og:description\" content=\"CREATE WEB-3 WALLET Everything you need to build in Web3 Build &amp; scale your project with our comprehensive set of Web3 tools. We provide Wallet as a Service, marketplace solutions, NFT tools, and more. Enter to Web3 We offer a comprehensive set of Web3 tools to help you build and scale your projects. Our website [&hellip;]\" \/>\n<meta property=\"og:url\" content=\"https:\/\/escoin.ee\/et\/create-web3-wallet\/\" \/>\n<meta property=\"og:site_name\" content=\"Escoin (ELG)\" \/>\n<meta property=\"article:publisher\" content=\"https:\/\/www.facebook.com\/ICOEscoin\/\" \/>\n<meta property=\"article:modified_time\" content=\"2024-04-04T08:56:34+00:00\" \/>\n<meta name=\"twitter:card\" content=\"summary_large_image\" \/>\n<meta name=\"twitter:site\" content=\"@EsCoinICO\" \/>\n<meta name=\"twitter:label1\" content=\"Est. reading time\" \/>\n\t<meta name=\"twitter:data1\" content=\"2 minutit\" \/>\n<script type=\"application\/ld+json\" class=\"yoast-schema-graph\">{\"@context\":\"https:\/\/schema.org\",\"@graph\":[{\"@type\":\"WebPage\",\"@id\":\"https:\/\/escoin.ee\/create-web3-wallet\/\",\"url\":\"https:\/\/escoin.ee\/create-web3-wallet\/\",\"name\":\"Create Web3 Wallet | Escoin (ELG)\",\"isPartOf\":{\"@id\":\"https:\/\/escoin.ee\/#website\"},\"datePublished\":\"2024-02-08T09:37:19+00:00\",\"dateModified\":\"2024-04-04T08:56:34+00:00\",\"breadcrumb\":{\"@id\":\"https:\/\/escoin.ee\/create-web3-wallet\/#breadcrumb\"},\"inLanguage\":\"et\",\"potentialAction\":[{\"@type\":\"ReadAction\",\"target\":[\"https:\/\/escoin.ee\/create-web3-wallet\/\"]}]},{\"@type\":\"BreadcrumbList\",\"@id\":\"https:\/\/escoin.ee\/create-web3-wallet\/#breadcrumb\",\"itemListElement\":[{\"@type\":\"ListItem\",\"position\":1,\"name\":\"Home\",\"item\":\"https:\/\/escoin.ee\/\"},{\"@type\":\"ListItem\",\"position\":2,\"name\":\"Create Web3 Wallet\"}]},{\"@type\":\"WebSite\",\"@id\":\"https:\/\/escoin.ee\/#website\",\"url\":\"https:\/\/escoin.ee\/\",\"name\":\"Escoin (ELG)\",\"description\":\"Global Legal Service!\",\"publisher\":{\"@id\":\"https:\/\/escoin.ee\/#organization\"},\"alternateName\":\"Escoin Token\",\"potentialAction\":[{\"@type\":\"SearchAction\",\"target\":{\"@type\":\"EntryPoint\",\"urlTemplate\":\"https:\/\/escoin.ee\/?s={search_term_string}\"},\"query-input\":\"required name=search_term_string\"}],\"inLanguage\":\"et\"},{\"@type\":\"Organization\",\"@id\":\"https:\/\/escoin.ee\/#organization\",\"name\":\"Escoin (ELG)\",\"alternateName\":\"Escoin Token\",\"url\":\"https:\/\/escoin.ee\/\",\"logo\":{\"@type\":\"ImageObject\",\"inLanguage\":\"et\",\"@id\":\"https:\/\/escoin.ee\/#\/schema\/logo\/image\/\",\"url\":\"https:\/\/escoin.ee\/wp-content\/uploads\/escoin-logotype.svg\",\"contentUrl\":\"https:\/\/escoin.ee\/wp-content\/uploads\/escoin-logotype.svg\",\"width\":546,\"height\":546,\"caption\":\"Escoin (ELG)\"},\"image\":{\"@id\":\"https:\/\/escoin.ee\/#\/schema\/logo\/image\/\"},\"sameAs\":[\"https:\/\/www.facebook.com\/ICOEscoin\/\",\"https:\/\/x.com\/EsCoinICO\",\"https:\/\/www.instagram.com\/escointoken_elg\/\",\"https:\/\/www.linkedin.com\/company\/escoinico\/\",\"https:\/\/www.reddit.com\/user\/EsCoinICO\",\"https:\/\/www.youtube.com\/@escoinico8340\",\"https:\/\/t.me\/EscoinICO\"]}]}<\/script>\n<!-- \/ Yoast SEO plugin. -->","yoast_head_json":{"title":"Create Web3 Wallet | Escoin (ELG)","robots":{"index":"index","follow":"follow","max-snippet":"max-snippet:-1","max-image-preview":"max-image-preview:large","max-video-preview":"max-video-preview:-1"},"canonical":"https:\/\/escoin.ee\/et\/create-web3-wallet\/","og_locale":"et_EE","og_type":"article","og_title":"Create Web3 Wallet | Escoin (ELG)","og_description":"CREATE WEB-3 WALLET Everything you need to build in Web3 Build &amp; scale your project with our comprehensive set of Web3 tools. We provide Wallet as a Service, marketplace solutions, NFT tools, and more. Enter to Web3 We offer a comprehensive set of Web3 tools to help you build and scale your projects. Our website [&hellip;]","og_url":"https:\/\/escoin.ee\/et\/create-web3-wallet\/","og_site_name":"Escoin (ELG)","article_publisher":"https:\/\/www.facebook.com\/ICOEscoin\/","article_modified_time":"2024-04-04T08:56:34+00:00","twitter_card":"summary_large_image","twitter_site":"@EsCoinICO","twitter_misc":{"Est. reading time":"2 minutit"},"schema":{"@context":"https:\/\/schema.org","@graph":[{"@type":"WebPage","@id":"https:\/\/escoin.ee\/create-web3-wallet\/","url":"https:\/\/escoin.ee\/create-web3-wallet\/","name":"Create Web3 Wallet | Escoin (ELG)","isPartOf":{"@id":"https:\/\/escoin.ee\/#website"},"datePublished":"2024-02-08T09:37:19+00:00","dateModified":"2024-04-04T08:56:34+00:00","breadcrumb":{"@id":"https:\/\/escoin.ee\/create-web3-wallet\/#breadcrumb"},"inLanguage":"et","potentialAction":[{"@type":"ReadAction","target":["https:\/\/escoin.ee\/create-web3-wallet\/"]}]},{"@type":"BreadcrumbList","@id":"https:\/\/escoin.ee\/create-web3-wallet\/#breadcrumb","itemListElement":[{"@type":"ListItem","position":1,"name":"Home","item":"https:\/\/escoin.ee\/"},{"@type":"ListItem","position":2,"name":"Create Web3 Wallet"}]},{"@type":"WebSite","@id":"https:\/\/escoin.ee\/#website","url":"https:\/\/escoin.ee\/","name":"Escoin (ELG)","description":"Global Legal Service!","publisher":{"@id":"https:\/\/escoin.ee\/#organization"},"alternateName":"Escoin Token","potentialAction":[{"@type":"SearchAction","target":{"@type":"EntryPoint","urlTemplate":"https:\/\/escoin.ee\/?s={search_term_string}"},"query-input":"required name=search_term_string"}],"inLanguage":"et"},{"@type":"Organization","@id":"https:\/\/escoin.ee\/#organization","name":"Escoin (ELG)","alternateName":"Escoin Token","url":"https:\/\/escoin.ee\/","logo":{"@type":"ImageObject","inLanguage":"et","@id":"https:\/\/escoin.ee\/#\/schema\/logo\/image\/","url":"https:\/\/escoin.ee\/wp-content\/uploads\/escoin-logotype.svg","contentUrl":"https:\/\/escoin.ee\/wp-content\/uploads\/escoin-logotype.svg","width":546,"height":546,"caption":"Escoin (ELG)"},"image":{"@id":"https:\/\/escoin.ee\/#\/schema\/logo\/image\/"},"sameAs":["https:\/\/www.facebook.com\/ICOEscoin\/","https:\/\/x.com\/EsCoinICO","https:\/\/www.instagram.com\/escointoken_elg\/","https:\/\/www.linkedin.com\/company\/escoinico\/","https:\/\/www.reddit.com\/user\/EsCoinICO","https:\/\/www.youtube.com\/@escoinico8340","https:\/\/t.me\/EscoinICO"]}]}},"_links":{"self":[{"href":"https:\/\/escoin.ee\/et\/wp-json\/wp\/v2\/pages\/5067"}],"collection":[{"href":"https:\/\/escoin.ee\/et\/wp-json\/wp\/v2\/pages"}],"about":[{"href":"https:\/\/escoin.ee\/et\/wp-json\/wp\/v2\/types\/page"}],"author":[{"embeddable":true,"href":"https:\/\/escoin.ee\/et\/wp-json\/wp\/v2\/users\/1"}],"replies":[{"embeddable":true,"href":"https:\/\/escoin.ee\/et\/wp-json\/wp\/v2\/comments?post=5067"}],"version-history":[{"count":9,"href":"https:\/\/escoin.ee\/et\/wp-json\/wp\/v2\/pages\/5067\/revisions"}],"predecessor-version":[{"id":6218,"href":"https:\/\/escoin.ee\/et\/wp-json\/wp\/v2\/pages\/5067\/revisions\/6218"}],"wp:attachment":[{"href":"https:\/\/escoin.ee\/et\/wp-json\/wp\/v2\/media?parent=5067"}],"curies":[{"name":"wp","href":"https:\/\/api.w.org\/{rel}","templated":true}]}}