{"id":5040,"date":"2024-02-08T11:32:47","date_gmt":"2024-02-08T08:32:47","guid":{"rendered":"https:\/\/www.escoin.ee\/?page_id=5040"},"modified":"2024-02-19T12:20:12","modified_gmt":"2024-02-19T09:20:12","slug":"create-your-own-nft","status":"publish","type":"page","link":"https:\/\/escoin.ee\/et\/create-your-own-nft\/","title":{"rendered":"LOO OMA NFT"},"content":{"rendered":"<div data-elementor-type=\"wp-page\" data-elementor-id=\"5040\" class=\"elementor elementor-5040\">\n\t\t\t\t<div class=\"elementor-element elementor-element-53d76504 e-flex e-con-boxed e-con e-parent\" data-id=\"53d76504\" data-element_type=\"container\" data-settings=\"{&quot;background_background&quot;:&quot;classic&quot;}\">\n\t\t\t\t\t<div class=\"e-con-inner\">\n\t\t\t\t<div class=\"elementor-element elementor-element-69457ed0 elementor-widget elementor-widget-heading\" data-id=\"69457ed0\" data-element_type=\"widget\" data-widget_type=\"heading.default\">\n\t\t\t\t<div class=\"elementor-widget-container\">\n\t\t\t<style>\/*! elementor - v3.23.0 - 05-08-2024 *\/\n.elementor-heading-title{padding:0;margin:0;line-height:1}.elementor-widget-heading .elementor-heading-title[class*=elementor-size-]>a{color:inherit;font-size:inherit;line-height:inherit}.elementor-widget-heading .elementor-heading-title.elementor-size-small{font-size:15px}.elementor-widget-heading .elementor-heading-title.elementor-size-medium{font-size:19px}.elementor-widget-heading .elementor-heading-title.elementor-size-large{font-size:29px}.elementor-widget-heading .elementor-heading-title.elementor-size-xl{font-size:39px}.elementor-widget-heading .elementor-heading-title.elementor-size-xxl{font-size:59px}<\/style><h1 class=\"elementor-heading-title elementor-size-default\">LOO OMA NFT<\/h1>\t\t<\/div>\n\t\t\t\t<\/div>\n\t\t\t\t\t<\/div>\n\t\t\t\t<\/div>\n\t\t<div class=\"elementor-element elementor-element-6582f13 e-flex e-con-boxed e-con e-parent\" data-id=\"6582f13\" data-element_type=\"container\">\n\t\t\t\t\t<div class=\"e-con-inner\">\n\t\t<div class=\"elementor-element elementor-element-01acc5a e-con-full e-flex e-con e-child\" data-id=\"01acc5a\" data-element_type=\"container\">\n\t\t\t\t<div class=\"elementor-element elementor-element-1803f52 elementor-widget elementor-widget-text-editor\" data-id=\"1803f52\" data-element_type=\"widget\" data-widget_type=\"text-editor.default\">\n\t\t\t\t<div class=\"elementor-widget-container\">\n\t\t\t<style>\/*! elementor - v3.23.0 - 05-08-2024 *\/\n.elementor-widget-text-editor.elementor-drop-cap-view-stacked .elementor-drop-cap{background-color:#69727d;color:#fff}.elementor-widget-text-editor.elementor-drop-cap-view-framed .elementor-drop-cap{color:#69727d;border:3px solid;background-color:transparent}.elementor-widget-text-editor:not(.elementor-drop-cap-view-default) .elementor-drop-cap{margin-top:8px}.elementor-widget-text-editor:not(.elementor-drop-cap-view-default) .elementor-drop-cap-letter{width:1em;height:1em}.elementor-widget-text-editor .elementor-drop-cap{float:left;text-align:center;line-height:1;font-size:50px}.elementor-widget-text-editor .elementor-drop-cap-letter{display:inline-block}<\/style>\t\t\t\t<h2><strong>Mis on NFT?<\/strong><\/h2><p>NFT (non-Fungible Token) on teatud t\u00fc\u00fcpi digitaalsete varade standard, mis esindab plokiahela tehnoloogias digitaalsete varade unikaalseid identiteete. Erinevalt teistest kr\u00fcptovaluutadest esindavad need m\u00e4rgid digitaalseid varasid, millest iga\u00fcks on kordumatu. See v\u00f5imaldab ainulaadselt kaubelda erinevate digitaalsete varadega, nagu kunstiteosed, digitaalsed kogud, m\u00e4nguesemed ja palju muud.<\/p>\t\t\t\t\t\t<\/div>\n\t\t\t\t<\/div>\n\t\t\t\t<div data-color=\"#00BFFF,#F7496A,#565AD8,#00BFFF,#F7496A\" class=\"elementor-element elementor-element-780ac59 raven-animated-gradient-yes elementor-mobile-align-center elementor-widget elementor-widget-raven-button\" data-id=\"780ac59\" data-element_type=\"widget\" data-settings=\"{&quot;turn_to_popup_action_button&quot;:&quot;no&quot;}\" data-widget_type=\"raven-button.default\">\n\t\t\t\t<div class=\"elementor-widget-container\">\n\t\t\t\t\t<div class=\"raven-widget-wrapper\">\n\t\t\t<a class=\"raven-button raven-button-widget-normal-effect-none  raven-button-text-align-center raven-button-link elementor-animation-pulse\" href=\"https:\/\/rarible.com\/create\/start\" target=\"_blank\">\t\t\t\t<div class=\"raven-button-overlay\" data-background-size=\"400% 100%\" data-animation-name=\"AnimatedGradientBgLeft\" data-angle=\"90deg\" data-speed=\"3s\" data-color=\"#00BFFF,#F7496A,#565AD8,#00BFFF,#F7496A\" style=\"background-image : linear-gradient( 90deg,#00BFFF,#F7496A,#565AD8,#00BFFF,#F7496A );animation-duration: 3s;animation-name: AnimatedGradientBgLeft;background-size: 400% 100%;\"><\/div>\n\t\t\t\t<span class=\"raven-button-content\">\n\t\t\t\t\t\n\t\t\t\t\t<div class=\"button-text-container\">\n\t\t\t\t\t\t\t\t\t<span class=\"raven-button-icon raven-button-icon-position-left\">\n\t\t\t\t<svg aria-hidden=\"true\" class=\"e-font-icon-svg e-fab-usb\" viewbox=\"0 0 640 512\" xmlns=\"http:\/\/www.w3.org\/2000\/svg\"><path d=\"M641.5 256c0 3.1-1.7 6.1-4.5 7.5L547.9 317c-1.4.8-2.8 1.4-4.5 1.4-1.4 0-3.1-.3-4.5-1.1-2.8-1.7-4.5-4.5-4.5-7.8v-35.6H295.7c25.3 39.6 40.5 106.9 69.6 106.9H392V354c0-5 3.9-8.9 8.9-8.9H490c5 0 8.9 3.9 8.9 8.9v89.1c0 5-3.9 8.9-8.9 8.9h-89.1c-5 0-8.9-3.9-8.9-8.9v-26.7h-26.7c-75.4 0-81.1-142.5-124.7-142.5H140.3c-8.1 30.6-35.9 53.5-69 53.5C32 327.3 0 295.3 0 256s32-71.3 71.3-71.3c33.1 0 61 22.8 69 53.5 39.1 0 43.9 9.5 74.6-60.4C255 88.7 273 95.7 323.8 95.7c7.5-20.9 27-35.6 50.4-35.6 29.5 0 53.5 23.9 53.5 53.5s-23.9 53.5-53.5 53.5c-23.4 0-42.9-14.8-50.4-35.6H294c-29.1 0-44.3 67.4-69.6 106.9h310.1v-35.6c0-3.3 1.7-6.1 4.5-7.8 2.8-1.7 6.4-1.4 8.9.3l89.1 53.5c2.8 1.1 4.5 4.1 4.5 7.2z\"><\/path><\/svg>\t\t\t<\/span>\n\t\t\t\t\t\t\t\t<div class=\"raven-button-texts-wrapper\">\n\t\t\t\t\t\t\t<div class=\"button-text\">\n\t\t\t\t\t\t\t\t<span class=\"raven-button-text\">\n\t\t\t\t\t\t\t\t\tLooge oma NFT\t\t\t\t\t\t\t\t<\/span>\n\t\t\t\t\t\t\t<\/div>\n\t\t\t\t\t\t\t\t\t\t\t\t\t<\/div>\n\t\t\t\t\t\t\t\t\t\t\t<\/div>\n\t\t\t\t\t\n\t\t\t\t\t\t\t\t\t<\/span>\n\t\t\t<\/a>\t\t<\/div>\n\t\t\t\t<\/div>\n\t\t\t\t<\/div>\n\t\t\t\t<\/div>\n\t\t<div class=\"elementor-element elementor-element-d166bdc e-con-full e-flex e-con e-child\" data-id=\"d166bdc\" data-element_type=\"container\">\n\t\t\t\t<div class=\"elementor-element elementor-element-9e643eb elementor-widget elementor-widget-html\" data-id=\"9e643eb\" data-element_type=\"widget\" data-widget_type=\"html.default\">\n\t\t\t\t<div class=\"elementor-widget-container\">\n\t\t\t<script src=\"https:\/\/unpkg.com\/@dotlottie\/player-component@latest\/dist\/dotlottie-player.mjs\" type=\"module\"><\/script> \r\n\r\n    <dotlottie-player src=\"https:\/\/lottie.host\/ceacf658-9086-40ab-bb30-82c86cd54e5b\/iK0pRxqGyM.json\" background=\"transparent\" speed=\"1\" style=\"width: 350px; height: 250px;\" loop autoplay><\/dotlottie-player>\t\t<\/div>\n\t\t\t\t<\/div>\n\t\t\t\t<\/div>\n\t\t\t\t\t<\/div>\n\t\t\t\t<\/div>\n\t\t<div class=\"elementor-element elementor-element-d3bb567 e-flex e-con-boxed e-con e-parent\" data-id=\"d3bb567\" data-element_type=\"container\">\n\t\t\t\t\t<div class=\"e-con-inner\">\n\t\t\t\t<div class=\"elementor-element elementor-element-b4201aa elementor-widget elementor-widget-text-editor\" data-id=\"b4201aa\" data-element_type=\"widget\" data-widget_type=\"text-editor.default\">\n\t\t\t\t<div class=\"elementor-widget-container\">\n\t\t\t\t\t\t\t<h4><strong>NFT-de Loomine<\/strong><\/h4><p>NFT loomise protsess h\u00f5lmab tavaliselt digitaalse vara, n\u00e4iteks kunstiteose, digitaalse kollektsiooni v\u00f5i mis tahes digitaalse \u00fcksuse esindamist plokiahelas ainulaadse m\u00e4rgiga. See protsess viiakse tavaliselt l\u00e4bi NFT turu v\u00f5i platvormi kaudu. Siin on NFT loomise p\u00f5hietapid:<\/p>\t\t\t\t\t\t<\/div>\n\t\t\t\t<\/div>\n\t\t\t\t\t<\/div>\n\t\t\t\t<\/div>\n\t\t<div class=\"elementor-element elementor-element-1830e7a e-flex e-con-boxed e-con e-parent\" data-id=\"1830e7a\" data-element_type=\"container\">\n\t\t\t\t\t<div class=\"e-con-inner\">\n\t\t<div class=\"elementor-element elementor-element-08eeb07 e-con-full e-flex e-con e-child\" data-id=\"08eeb07\" data-element_type=\"container\">\n\t\t\t\t<div class=\"elementor-element elementor-element-c44b89d elementor-widget elementor-widget-html\" data-id=\"c44b89d\" data-element_type=\"widget\" data-widget_type=\"html.default\">\n\t\t\t\t<div class=\"elementor-widget-container\">\n\t\t\t<script src=\"https:\/\/unpkg.com\/@dotlottie\/player-component@latest\/dist\/dotlottie-player.mjs\" type=\"module\"><\/script> \r\n\r\n    <dotlottie-player src=\"https:\/\/lottie.host\/72ad8364-e831-4c6c-8da8-7dccde7bd343\/3BC9vH36x3.json\" background=\"transparent\" speed=\"1\" style=\"width: 350px; height: 400px;\" loop autoplay><\/dotlottie-player>\t\t<\/div>\n\t\t\t\t<\/div>\n\t\t\t\t<\/div>\n\t\t<div class=\"elementor-element elementor-element-f823594 e-con-full e-flex e-con e-child\" data-id=\"f823594\" data-element_type=\"container\">\n\t\t\t\t<div class=\"elementor-element elementor-element-40ebf4f elementor-widget elementor-widget-text-editor\" data-id=\"40ebf4f\" data-element_type=\"widget\" data-widget_type=\"text-editor.default\">\n\t\t\t\t<div class=\"elementor-widget-container\">\n\t\t\t\t\t\t\t<ol><li><p><strong>Digitaalse vara valimine:<\/strong> Esimene samm on NFT-na esitatava digitaalse vara valimine. See v\u00f5ib olla kunstiteos, digitaalne kogu, muusikapala, videosisu v\u00f5i muu digitaalne vara.<\/p><\/li><li><p><strong>NFT platvormi valimine:<\/strong> NFT loomiseks on oluline valida platvorm. Erinevad platvormid v\u00f5imaldavad NFT-d luua erinevates plokiahelav\u00f5rkudes. Saadaval on platvormid NFT-de loomiseks plokiahelav\u00f5rkudes, nagu Ethereum, Tezos, Solana jne.<\/p><\/li><li><p><strong>Tokeniseerimisprotsess:<\/strong> P\u00e4rast konto loomist valitud platvormil saate alustada oma digitaalse vara tokeniseerimise protsessi. See protsess h\u00f5lmab teie vara registreerimist plokiahela v\u00f5rgus ja selle esitamist ainulaadse NFT-m\u00e4rgiga.<\/p><\/li><li><p><strong>Metaandmete lisamine:<\/strong> Lisage metaandmed, mis tuvastavad NFT sisu ja looja. See v\u00f5ib h\u00f5lmata sellist teavet nagu vara nimi, looja, kirjeldus ja kas see on piiratud v\u00e4ljaanne v\u00f5i piiramatu.<\/p><\/li><li><p><strong>NFT m\u00fc\u00fcmine v\u00f5i levitamine:<\/strong> Saate loetleda loodud NFT m\u00fc\u00fcgiks v\u00f5i soovi korral luua kollektsiooni. Valikud h\u00f5lmavad NFT oksjonil m\u00fc\u00fcmist, otsem\u00fc\u00fcki v\u00f5i fikseeritud hinnaga noteerimist.<\/p><\/li><\/ol>\t\t\t\t\t\t<\/div>\n\t\t\t\t<\/div>\n\t\t\t\t<\/div>\n\t\t\t\t\t<\/div>\n\t\t\t\t<\/div>\n\t\t<div class=\"elementor-element elementor-element-220ae7d e-flex e-con-boxed e-con e-parent\" data-id=\"220ae7d\" data-element_type=\"container\">\n\t\t\t\t\t<div class=\"e-con-inner\">\n\t\t<div class=\"elementor-element elementor-element-01c908d e-con-full e-flex e-con e-child\" data-id=\"01c908d\" data-element_type=\"container\">\n\t\t\t\t<div class=\"elementor-element elementor-element-645e364 elementor-widget elementor-widget-text-editor\" data-id=\"645e364\" data-element_type=\"widget\" data-widget_type=\"text-editor.default\">\n\t\t\t\t<div class=\"elementor-widget-container\">\n\t\t\t\t\t\t\t<h4><strong>NFT-d ja kunstiturg<\/strong><\/h4><p>NFT-d pakuvad kunstnikele ja digitaalse sisu loojatele uut tulumudelit ning pakuvad neile v\u00f5imalust oma teoseid laiale publikule esitleda. Kunstituru digitaliseerimine ja v\u00f5imalus kunstiteostega digitaalvaldkonnas h\u00f5lpsalt kaubelda on vallandanud kunstimaailmas olulise muutuse.<\/p><p>\u00a0<\/p><h4><strong>Looge meiega NFT-sid<\/strong><\/h4><p>NFT-de loomiseks ja oma teoste laiemale publikule tutvustamiseks v\u00f5tke meiega \u00fchendust meie veebisaidi kaudu. Meie ekspertide meeskond juhendab teid NFT-de loomise protsessis ja aitab teil oma kunstiteostega plokiahela maailma astuda.<\/p>\t\t\t\t\t\t<\/div>\n\t\t\t\t<\/div>\n\t\t\t\t<div data-color=\"#00BFFF,#F7496A,#565AD8,#00BFFF,#F7496A\" class=\"elementor-element elementor-element-34da4e6 raven-animated-gradient-yes elementor-mobile-align-center elementor-widget elementor-widget-raven-button\" data-id=\"34da4e6\" data-element_type=\"widget\" data-settings=\"{&quot;turn_to_popup_action_button&quot;:&quot;no&quot;}\" data-widget_type=\"raven-button.default\">\n\t\t\t\t<div class=\"elementor-widget-container\">\n\t\t\t\t\t<div class=\"raven-widget-wrapper\">\n\t\t\t<a class=\"raven-button raven-button-widget-normal-effect-none  raven-button-text-align-center raven-button-link elementor-animation-pulse\" href=\"https:\/\/rarible.com\/create\/start\" target=\"_blank\">\t\t\t\t<div class=\"raven-button-overlay\" data-background-size=\"400% 100%\" data-animation-name=\"AnimatedGradientBgLeft\" data-angle=\"90deg\" data-speed=\"3s\" data-color=\"#00BFFF,#F7496A,#565AD8,#00BFFF,#F7496A\" style=\"background-image : linear-gradient( 90deg,#00BFFF,#F7496A,#565AD8,#00BFFF,#F7496A );animation-duration: 3s;animation-name: AnimatedGradientBgLeft;background-size: 400% 100%;\"><\/div>\n\t\t\t\t<span class=\"raven-button-content\">\n\t\t\t\t\t\n\t\t\t\t\t<div class=\"button-text-container\">\n\t\t\t\t\t\t\t\t\t<span class=\"raven-button-icon raven-button-icon-position-left\">\n\t\t\t\t<svg aria-hidden=\"true\" class=\"e-font-icon-svg e-fab-usb\" viewbox=\"0 0 640 512\" xmlns=\"http:\/\/www.w3.org\/2000\/svg\"><path d=\"M641.5 256c0 3.1-1.7 6.1-4.5 7.5L547.9 317c-1.4.8-2.8 1.4-4.5 1.4-1.4 0-3.1-.3-4.5-1.1-2.8-1.7-4.5-4.5-4.5-7.8v-35.6H295.7c25.3 39.6 40.5 106.9 69.6 106.9H392V354c0-5 3.9-8.9 8.9-8.9H490c5 0 8.9 3.9 8.9 8.9v89.1c0 5-3.9 8.9-8.9 8.9h-89.1c-5 0-8.9-3.9-8.9-8.9v-26.7h-26.7c-75.4 0-81.1-142.5-124.7-142.5H140.3c-8.1 30.6-35.9 53.5-69 53.5C32 327.3 0 295.3 0 256s32-71.3 71.3-71.3c33.1 0 61 22.8 69 53.5 39.1 0 43.9 9.5 74.6-60.4C255 88.7 273 95.7 323.8 95.7c7.5-20.9 27-35.6 50.4-35.6 29.5 0 53.5 23.9 53.5 53.5s-23.9 53.5-53.5 53.5c-23.4 0-42.9-14.8-50.4-35.6H294c-29.1 0-44.3 67.4-69.6 106.9h310.1v-35.6c0-3.3 1.7-6.1 4.5-7.8 2.8-1.7 6.4-1.4 8.9.3l89.1 53.5c2.8 1.1 4.5 4.1 4.5 7.2z\"><\/path><\/svg>\t\t\t<\/span>\n\t\t\t\t\t\t\t\t<div class=\"raven-button-texts-wrapper\">\n\t\t\t\t\t\t\t<div class=\"button-text\">\n\t\t\t\t\t\t\t\t<span class=\"raven-button-text\">\n\t\t\t\t\t\t\t\t\tLooge oma NFT\t\t\t\t\t\t\t\t<\/span>\n\t\t\t\t\t\t\t<\/div>\n\t\t\t\t\t\t\t\t\t\t\t\t\t<\/div>\n\t\t\t\t\t\t\t\t\t\t\t<\/div>\n\t\t\t\t\t\n\t\t\t\t\t\t\t\t\t<\/span>\n\t\t\t<\/a>\t\t<\/div>\n\t\t\t\t<\/div>\n\t\t\t\t<\/div>\n\t\t\t\t<\/div>\n\t\t<div class=\"elementor-element elementor-element-99ddebb e-con-full e-flex e-con e-child\" data-id=\"99ddebb\" data-element_type=\"container\">\n\t\t\t\t<div class=\"elementor-element elementor-element-0dd2f82 elementor-widget elementor-widget-html\" data-id=\"0dd2f82\" data-element_type=\"widget\" data-widget_type=\"html.default\">\n\t\t\t\t<div class=\"elementor-widget-container\">\n\t\t\t<script src=\"https:\/\/unpkg.com\/@dotlottie\/player-component@latest\/dist\/dotlottie-player.mjs\" type=\"module\"><\/script> \r\n\r\n    <dotlottie-player src=\"https:\/\/lottie.host\/d24927dc-9a83-4c35-8aaa-a11f819fb5df\/XVZzEQlSVd.json\" background=\"transparent\" speed=\"1\" style=\"width: 350px; height:400px; d24927dc-9a83-4c35-8aaa-a11f819fb5df00px;\" loop autoplay><\/dotlottie-player>\t\t<\/div>\n\t\t\t\t<\/div>\n\t\t\t\t<\/div>\n\t\t\t\t\t<\/div>\n\t\t\t\t<\/div>\n\t\t\t\t<\/div>","protected":false},"excerpt":{"rendered":"<p>CREATE YOUR OWN NFT What is NFT? NFT (Non-Fungible Token) is a type of digital asset standard that represents unique identities of digital assets on the blockchain technology. These tokens, unlike other cryptocurrencies, represent digital assets that are each unique. This allows for the unique trading of various digital assets such as artworks, digital collections, [&hellip;]<\/p>","protected":false},"author":1,"featured_media":0,"parent":0,"menu_order":0,"comment_status":"closed","ping_status":"closed","template":"elementor_header_footer","meta":{"_acf_changed":false,"footnotes":""},"class_list":["post-5040","page","type-page","status-publish","hentry"],"acf":[],"yoast_head":"<!-- This site is optimized with the Yoast SEO plugin v23.2 - https:\/\/yoast.com\/wordpress\/plugins\/seo\/ -->\n<title>CREATE YOUR OWN NFT | Escoin (ELG)<\/title>\n<meta name=\"robots\" content=\"index, follow, max-snippet:-1, max-image-preview:large, max-video-preview:-1\" \/>\n<link rel=\"canonical\" href=\"https:\/\/escoin.ee\/et\/create-your-own-nft\/\" \/>\n<meta property=\"og:locale\" content=\"et_EE\" \/>\n<meta property=\"og:type\" content=\"article\" \/>\n<meta property=\"og:title\" content=\"CREATE YOUR OWN NFT | Escoin (ELG)\" \/>\n<meta property=\"og:description\" content=\"CREATE YOUR OWN NFT What is NFT? NFT (Non-Fungible Token) is a type of digital asset standard that represents unique identities of digital assets on the blockchain technology. These tokens, unlike other cryptocurrencies, represent digital assets that are each unique. This allows for the unique trading of various digital assets such as artworks, digital collections, [&hellip;]\" \/>\n<meta property=\"og:url\" content=\"https:\/\/escoin.ee\/et\/create-your-own-nft\/\" \/>\n<meta property=\"og:site_name\" content=\"Escoin (ELG)\" \/>\n<meta property=\"article:publisher\" content=\"https:\/\/www.facebook.com\/ICOEscoin\/\" \/>\n<meta property=\"article:modified_time\" content=\"2024-02-19T09:20:12+00:00\" \/>\n<meta name=\"twitter:card\" content=\"summary_large_image\" \/>\n<meta name=\"twitter:site\" content=\"@EsCoinICO\" \/>\n<meta name=\"twitter:label1\" content=\"Est. reading time\" \/>\n\t<meta name=\"twitter:data1\" content=\"2 minutit\" \/>\n<script type=\"application\/ld+json\" class=\"yoast-schema-graph\">{\"@context\":\"https:\/\/schema.org\",\"@graph\":[{\"@type\":\"WebPage\",\"@id\":\"https:\/\/escoin.ee\/create-your-own-nft\/\",\"url\":\"https:\/\/escoin.ee\/create-your-own-nft\/\",\"name\":\"CREATE YOUR OWN NFT | Escoin (ELG)\",\"isPartOf\":{\"@id\":\"https:\/\/escoin.ee\/#website\"},\"datePublished\":\"2024-02-08T08:32:47+00:00\",\"dateModified\":\"2024-02-19T09:20:12+00:00\",\"breadcrumb\":{\"@id\":\"https:\/\/escoin.ee\/create-your-own-nft\/#breadcrumb\"},\"inLanguage\":\"et\",\"potentialAction\":[{\"@type\":\"ReadAction\",\"target\":[\"https:\/\/escoin.ee\/create-your-own-nft\/\"]}]},{\"@type\":\"BreadcrumbList\",\"@id\":\"https:\/\/escoin.ee\/create-your-own-nft\/#breadcrumb\",\"itemListElement\":[{\"@type\":\"ListItem\",\"position\":1,\"name\":\"Home\",\"item\":\"https:\/\/escoin.ee\/\"},{\"@type\":\"ListItem\",\"position\":2,\"name\":\"CREATE YOUR OWN NFT\"}]},{\"@type\":\"WebSite\",\"@id\":\"https:\/\/escoin.ee\/#website\",\"url\":\"https:\/\/escoin.ee\/\",\"name\":\"Escoin (ELG)\",\"description\":\"Global Legal Service!\",\"publisher\":{\"@id\":\"https:\/\/escoin.ee\/#organization\"},\"alternateName\":\"Escoin Token\",\"potentialAction\":[{\"@type\":\"SearchAction\",\"target\":{\"@type\":\"EntryPoint\",\"urlTemplate\":\"https:\/\/escoin.ee\/?s={search_term_string}\"},\"query-input\":\"required name=search_term_string\"}],\"inLanguage\":\"et\"},{\"@type\":\"Organization\",\"@id\":\"https:\/\/escoin.ee\/#organization\",\"name\":\"Escoin (ELG)\",\"alternateName\":\"Escoin Token\",\"url\":\"https:\/\/escoin.ee\/\",\"logo\":{\"@type\":\"ImageObject\",\"inLanguage\":\"et\",\"@id\":\"https:\/\/escoin.ee\/#\/schema\/logo\/image\/\",\"url\":\"https:\/\/escoin.ee\/wp-content\/uploads\/escoin-logotype.svg\",\"contentUrl\":\"https:\/\/escoin.ee\/wp-content\/uploads\/escoin-logotype.svg\",\"width\":546,\"height\":546,\"caption\":\"Escoin (ELG)\"},\"image\":{\"@id\":\"https:\/\/escoin.ee\/#\/schema\/logo\/image\/\"},\"sameAs\":[\"https:\/\/www.facebook.com\/ICOEscoin\/\",\"https:\/\/x.com\/EsCoinICO\",\"https:\/\/www.instagram.com\/escointoken_elg\/\",\"https:\/\/www.linkedin.com\/company\/escoinico\/\",\"https:\/\/www.reddit.com\/user\/EsCoinICO\",\"https:\/\/www.youtube.com\/@escoinico8340\",\"https:\/\/t.me\/EscoinICO\"]}]}<\/script>\n<!-- \/ Yoast SEO plugin. -->","yoast_head_json":{"title":"CREATE YOUR OWN NFT | Escoin (ELG)","robots":{"index":"index","follow":"follow","max-snippet":"max-snippet:-1","max-image-preview":"max-image-preview:large","max-video-preview":"max-video-preview:-1"},"canonical":"https:\/\/escoin.ee\/et\/create-your-own-nft\/","og_locale":"et_EE","og_type":"article","og_title":"CREATE YOUR OWN NFT | Escoin (ELG)","og_description":"CREATE YOUR OWN NFT What is NFT? NFT (Non-Fungible Token) is a type of digital asset standard that represents unique identities of digital assets on the blockchain technology. These tokens, unlike other cryptocurrencies, represent digital assets that are each unique. This allows for the unique trading of various digital assets such as artworks, digital collections, [&hellip;]","og_url":"https:\/\/escoin.ee\/et\/create-your-own-nft\/","og_site_name":"Escoin (ELG)","article_publisher":"https:\/\/www.facebook.com\/ICOEscoin\/","article_modified_time":"2024-02-19T09:20:12+00:00","twitter_card":"summary_large_image","twitter_site":"@EsCoinICO","twitter_misc":{"Est. reading time":"2 minutit"},"schema":{"@context":"https:\/\/schema.org","@graph":[{"@type":"WebPage","@id":"https:\/\/escoin.ee\/create-your-own-nft\/","url":"https:\/\/escoin.ee\/create-your-own-nft\/","name":"CREATE YOUR OWN NFT | Escoin (ELG)","isPartOf":{"@id":"https:\/\/escoin.ee\/#website"},"datePublished":"2024-02-08T08:32:47+00:00","dateModified":"2024-02-19T09:20:12+00:00","breadcrumb":{"@id":"https:\/\/escoin.ee\/create-your-own-nft\/#breadcrumb"},"inLanguage":"et","potentialAction":[{"@type":"ReadAction","target":["https:\/\/escoin.ee\/create-your-own-nft\/"]}]},{"@type":"BreadcrumbList","@id":"https:\/\/escoin.ee\/create-your-own-nft\/#breadcrumb","itemListElement":[{"@type":"ListItem","position":1,"name":"Home","item":"https:\/\/escoin.ee\/"},{"@type":"ListItem","position":2,"name":"CREATE YOUR OWN NFT"}]},{"@type":"WebSite","@id":"https:\/\/escoin.ee\/#website","url":"https:\/\/escoin.ee\/","name":"Escoin (ELG)","description":"Global Legal Service!","publisher":{"@id":"https:\/\/escoin.ee\/#organization"},"alternateName":"Escoin Token","potentialAction":[{"@type":"SearchAction","target":{"@type":"EntryPoint","urlTemplate":"https:\/\/escoin.ee\/?s={search_term_string}"},"query-input":"required name=search_term_string"}],"inLanguage":"et"},{"@type":"Organization","@id":"https:\/\/escoin.ee\/#organization","name":"Escoin (ELG)","alternateName":"Escoin Token","url":"https:\/\/escoin.ee\/","logo":{"@type":"ImageObject","inLanguage":"et","@id":"https:\/\/escoin.ee\/#\/schema\/logo\/image\/","url":"https:\/\/escoin.ee\/wp-content\/uploads\/escoin-logotype.svg","contentUrl":"https:\/\/escoin.ee\/wp-content\/uploads\/escoin-logotype.svg","width":546,"height":546,"caption":"Escoin (ELG)"},"image":{"@id":"https:\/\/escoin.ee\/#\/schema\/logo\/image\/"},"sameAs":["https:\/\/www.facebook.com\/ICOEscoin\/","https:\/\/x.com\/EsCoinICO","https:\/\/www.instagram.com\/escointoken_elg\/","https:\/\/www.linkedin.com\/company\/escoinico\/","https:\/\/www.reddit.com\/user\/EsCoinICO","https:\/\/www.youtube.com\/@escoinico8340","https:\/\/t.me\/EscoinICO"]}]}},"_links":{"self":[{"href":"https:\/\/escoin.ee\/et\/wp-json\/wp\/v2\/pages\/5040"}],"collection":[{"href":"https:\/\/escoin.ee\/et\/wp-json\/wp\/v2\/pages"}],"about":[{"href":"https:\/\/escoin.ee\/et\/wp-json\/wp\/v2\/types\/page"}],"author":[{"embeddable":true,"href":"https:\/\/escoin.ee\/et\/wp-json\/wp\/v2\/users\/1"}],"replies":[{"embeddable":true,"href":"https:\/\/escoin.ee\/et\/wp-json\/wp\/v2\/comments?post=5040"}],"version-history":[{"count":0,"href":"https:\/\/escoin.ee\/et\/wp-json\/wp\/v2\/pages\/5040\/revisions"}],"wp:attachment":[{"href":"https:\/\/escoin.ee\/et\/wp-json\/wp\/v2\/media?parent=5040"}],"curies":[{"name":"wp","href":"https:\/\/api.w.org\/{rel}","templated":true}]}}