{"id":4287,"date":"2024-01-24T15:31:17","date_gmt":"2024-01-24T12:31:17","guid":{"rendered":"https:\/\/www.escoin.ee\/?page_id=4287"},"modified":"2024-03-11T14:35:58","modified_gmt":"2024-03-11T11:35:58","slug":"e-mta","status":"publish","type":"page","link":"https:\/\/escoin.ee\/et\/e-mta\/","title":{"rendered":"e-MTA"},"content":{"rendered":"<div data-elementor-type=\"wp-page\" data-elementor-id=\"4287\" class=\"elementor elementor-4287\">\n\t\t\t\t<div class=\"elementor-element elementor-element-26bd80a9 e-flex e-con-boxed e-con e-parent\" data-id=\"26bd80a9\" data-element_type=\"container\" data-settings=\"{&quot;background_background&quot;:&quot;classic&quot;}\">\n\t\t\t\t\t<div class=\"e-con-inner\">\n\t\t\t\t<div class=\"elementor-element elementor-element-27ae8b2a elementor-widget elementor-widget-heading\" data-id=\"27ae8b2a\" data-element_type=\"widget\" data-widget_type=\"heading.default\">\n\t\t\t\t<div class=\"elementor-widget-container\">\n\t\t\t<style>\/*! elementor - v3.23.0 - 05-08-2024 *\/\n.elementor-heading-title{padding:0;margin:0;line-height:1}.elementor-widget-heading .elementor-heading-title[class*=elementor-size-]>a{color:inherit;font-size:inherit;line-height:inherit}.elementor-widget-heading .elementor-heading-title.elementor-size-small{font-size:15px}.elementor-widget-heading .elementor-heading-title.elementor-size-medium{font-size:19px}.elementor-widget-heading .elementor-heading-title.elementor-size-large{font-size:29px}.elementor-widget-heading .elementor-heading-title.elementor-size-xl{font-size:39px}.elementor-widget-heading .elementor-heading-title.elementor-size-xxl{font-size:59px}<\/style><h1 class=\"elementor-heading-title elementor-size-default\">e-MTA<\/h1>\t\t<\/div>\n\t\t\t\t<\/div>\n\t\t\t\t\t<\/div>\n\t\t\t\t<\/div>\n\t\t\t\t<section class=\"elementor-section elementor-top-section elementor-element elementor-element-3a93b9b5 elementor-section-boxed elementor-section-height-default elementor-section-height-default\" data-id=\"3a93b9b5\" data-element_type=\"section\" id=\"pagebanner\">\n\t\t\t\t\t\t<div class=\"elementor-container elementor-column-gap-default\">\n\t\t\t\t\t<div class=\"elementor-column elementor-col-100 elementor-top-column elementor-element elementor-element-6b9da344\" data-id=\"6b9da344\" data-element_type=\"column\">\n\t\t\t<div class=\"elementor-widget-wrap elementor-element-populated\">\n\t\t\t\t\t\t<section class=\"elementor-section elementor-inner-section elementor-element elementor-element-27e418d elementor-section-full_width elementor-section-height-default elementor-section-height-default\" data-id=\"27e418d\" data-element_type=\"section\">\n\t\t\t\t\t\t<div class=\"elementor-container elementor-column-gap-default\">\n\t\t\t\t\t<div class=\"elementor-column elementor-col-50 elementor-inner-column elementor-element elementor-element-10b18b02\" data-id=\"10b18b02\" data-element_type=\"column\">\n\t\t\t<div class=\"elementor-widget-wrap elementor-element-populated\">\n\t\t\t\t\t\t<div class=\"elementor-element elementor-element-22c63124 elementor-widget elementor-widget-spacer\" data-id=\"22c63124\" data-element_type=\"widget\" data-widget_type=\"spacer.default\">\n\t\t\t\t<div class=\"elementor-widget-container\">\n\t\t\t<style>\/*! elementor - v3.23.0 - 05-08-2024 *\/\n.elementor-column .elementor-spacer-inner{height:var(--spacer-size)}.e-con{--container-widget-width:100%}.e-con-inner>.elementor-widget-spacer,.e-con>.elementor-widget-spacer{width:var(--container-widget-width,var(--spacer-size));--align-self:var(--container-widget-align-self,initial);--flex-shrink:0}.e-con-inner>.elementor-widget-spacer>.elementor-widget-container,.e-con>.elementor-widget-spacer>.elementor-widget-container{height:100%;width:100%}.e-con-inner>.elementor-widget-spacer>.elementor-widget-container>.elementor-spacer,.e-con>.elementor-widget-spacer>.elementor-widget-container>.elementor-spacer{height:100%}.e-con-inner>.elementor-widget-spacer>.elementor-widget-container>.elementor-spacer>.elementor-spacer-inner,.e-con>.elementor-widget-spacer>.elementor-widget-container>.elementor-spacer>.elementor-spacer-inner{height:var(--container-widget-height,var(--spacer-size))}.e-con-inner>.elementor-widget-spacer.elementor-widget-empty,.e-con>.elementor-widget-spacer.elementor-widget-empty{position:relative;min-height:22px;min-width:22px}.e-con-inner>.elementor-widget-spacer.elementor-widget-empty .elementor-widget-empty-icon,.e-con>.elementor-widget-spacer.elementor-widget-empty .elementor-widget-empty-icon{position:absolute;top:0;bottom:0;left:0;right:0;margin:auto;padding:0;width:22px;height:22px}<\/style>\t\t<div class=\"elementor-spacer\">\n\t\t\t<div class=\"elementor-spacer-inner\"><\/div>\n\t\t<\/div>\n\t\t\t\t<\/div>\n\t\t\t\t<\/div>\n\t\t\t\t<div class=\"elementor-element elementor-element-54135632 elementor-widget elementor-widget-text-editor\" data-id=\"54135632\" data-element_type=\"widget\" data-widget_type=\"text-editor.default\">\n\t\t\t\t<div class=\"elementor-widget-container\">\n\t\t\t<style>\/*! elementor - v3.23.0 - 05-08-2024 *\/\n.elementor-widget-text-editor.elementor-drop-cap-view-stacked .elementor-drop-cap{background-color:#69727d;color:#fff}.elementor-widget-text-editor.elementor-drop-cap-view-framed .elementor-drop-cap{color:#69727d;border:3px solid;background-color:transparent}.elementor-widget-text-editor:not(.elementor-drop-cap-view-default) .elementor-drop-cap{margin-top:8px}.elementor-widget-text-editor:not(.elementor-drop-cap-view-default) .elementor-drop-cap-letter{width:1em;height:1em}.elementor-widget-text-editor .elementor-drop-cap{float:left;text-align:center;line-height:1;font-size:50px}.elementor-widget-text-editor .elementor-drop-cap-letter{display:inline-block}<\/style>\t\t\t\t<h2 class=\"leftdark\">FINCRAS &amp; INVCRAS DIGITAL SERVICES LLC<\/h2><p>\u00a0<\/p><p class=\"leftsub\">\u00dcksikasjalik vaade sisaldab ettev\u00f5tte kohta avalikult saadaolevaid andmeid. Teie ettev\u00f5tte detailvaade sisaldab ka teie ettev\u00f5ttele antud maksuk\u00e4itumise reitinguid.<\/p>\t\t\t\t\t\t<\/div>\n\t\t\t\t<\/div>\n\t\t\t\t<div class=\"elementor-element elementor-element-1ef13ff elementor-widget elementor-widget-spacer\" data-id=\"1ef13ff\" data-element_type=\"widget\" data-widget_type=\"spacer.default\">\n\t\t\t\t<div class=\"elementor-widget-container\">\n\t\t\t\t\t<div class=\"elementor-spacer\">\n\t\t\t<div class=\"elementor-spacer-inner\"><\/div>\n\t\t<\/div>\n\t\t\t\t<\/div>\n\t\t\t\t<\/div>\n\t\t\t\t\t<\/div>\n\t\t<\/div>\n\t\t\t\t<div class=\"elementor-column elementor-col-50 elementor-inner-column elementor-element elementor-element-37ecf15\" data-id=\"37ecf15\" data-element_type=\"column\">\n\t\t\t<div class=\"elementor-widget-wrap elementor-element-populated\">\n\t\t\t\t\t\t<div class=\"elementor-element elementor-element-564a657 elementor-widget elementor-widget-raven-inline-svg\" data-id=\"564a657\" data-element_type=\"widget\" data-widget_type=\"raven-inline-svg.default\">\n\t\t\t\t<div class=\"elementor-widget-container\">\n\t\t\t\t\t\t<div class=\"jupiterx-inline-svg-wrapper\" id=\"jupiterx-inline-svg-wrapper\">\n\t\t\t\t\t\t\t\t<div class=\"svg-wrapper\">\n\t\t\t\t\t\t\t\t\t<\/div>\n\t\t\t\t\t\t\t<\/div>\n\t\t\t\t<\/div>\n\t\t\t\t<\/div>\n\t\t\t\t\t<\/div>\n\t\t<\/div>\n\t\t\t\t\t<\/div>\n\t\t<\/section>\n\t\t\t\t\t<\/div>\n\t\t<\/div>\n\t\t\t\t\t<\/div>\n\t\t<\/section>\n\t\t\t\t<section class=\"elementor-section elementor-top-section elementor-element elementor-element-bab4ddb elementor-section-boxed elementor-section-height-default elementor-section-height-default\" data-id=\"bab4ddb\" data-element_type=\"section\">\n\t\t\t\t\t\t<div class=\"elementor-container elementor-column-gap-default\">\n\t\t\t\t\t<div class=\"elementor-column elementor-col-100 elementor-top-column elementor-element elementor-element-5c3f0ab9\" data-id=\"5c3f0ab9\" data-element_type=\"column\">\n\t\t\t<div class=\"elementor-widget-wrap elementor-element-populated\">\n\t\t\t\t\t\t<div class=\"elementor-element elementor-element-47a5d82 elementor-widget elementor-widget-heading\" data-id=\"47a5d82\" data-element_type=\"widget\" data-widget_type=\"heading.default\">\n\t\t\t\t<div class=\"elementor-widget-container\">\n\t\t\t<h2 class=\"elementor-heading-title elementor-size-default\">\u00dcldandmed<\/h2>\t\t<\/div>\n\t\t\t\t<\/div>\n\t\t\t\t<div class=\"elementor-element elementor-element-43290fef elementor-widget elementor-widget-text-editor\" data-id=\"43290fef\" data-element_type=\"widget\" data-widget_type=\"text-editor.default\">\n\t\t\t\t<div class=\"elementor-widget-container\">\n\t\t\t\t\t\t\t<p><strong>Nimi:\u00a0 <\/strong>FINCRAS &amp; INVCRAS DIGITAL SERVICES LLC<br \/><strong>Juriidiline aadress:\u00a0<\/strong> Sviit 305, Griffithi ettev\u00f5tete keskus, Beachmont, Kingstown St. Vincent ja Grenadiinid<br \/><strong>P\u00f5hitegevus:<\/strong> Cryptocurrency &#8211;\u00a0Forex Trading\/Brokerage<br \/><strong>Registrikood:<\/strong> 2559 LLC 2022<\/p>\t\t\t\t\t\t<\/div>\n\t\t\t\t<\/div>\n\t\t\t\t<div class=\"elementor-element elementor-element-7d456edb elementor-widget elementor-widget-spacer\" data-id=\"7d456edb\" data-element_type=\"widget\" data-widget_type=\"spacer.default\">\n\t\t\t\t<div class=\"elementor-widget-container\">\n\t\t\t\t\t<div class=\"elementor-spacer\">\n\t\t\t<div class=\"elementor-spacer-inner\"><\/div>\n\t\t<\/div>\n\t\t\t\t<\/div>\n\t\t\t\t<\/div>\n\t\t\t\t\t<\/div>\n\t\t<\/div>\n\t\t\t\t\t<\/div>\n\t\t<\/section>\n\t\t\t\t<section class=\"elementor-section elementor-top-section elementor-element elementor-element-68b3deb elementor-section-boxed elementor-section-height-default elementor-section-height-default\" data-id=\"68b3deb\" data-element_type=\"section\">\n\t\t\t\t\t\t<div class=\"elementor-container elementor-column-gap-custom\">\n\t\t\t\t\t<div class=\"elementor-column elementor-col-50 elementor-top-column elementor-element elementor-element-572c5a2f\" data-id=\"572c5a2f\" data-element_type=\"column\">\n\t\t\t<div class=\"elementor-widget-wrap elementor-element-populated\">\n\t\t\t\t\t\t<div class=\"elementor-element elementor-element-4f14d825 elementor-widget elementor-widget-heading\" data-id=\"4f14d825\" data-element_type=\"widget\" data-widget_type=\"heading.default\">\n\t\t\t\t<div class=\"elementor-widget-container\">\n\t\t\t<h3 class=\"elementor-heading-title elementor-size-default\">Maksukuulekuse reiting<\/h3>\t\t<\/div>\n\t\t\t\t<\/div>\n\t\t\t\t<div class=\"elementor-element elementor-element-52972766 elementor-widget elementor-widget-text-editor\" data-id=\"52972766\" data-element_type=\"widget\" data-widget_type=\"text-editor.default\">\n\t\t\t\t<div class=\"elementor-widget-container\">\n\t\t\t\t\t\t\t<p>Maksukuulekuse reiting annab teavet selle kohta, kas ettev\u00f5te t\u00e4idab oma kohustusi korrektselt ja \u00f5igeaegselt. Hinnang p\u00f5hineb esitatud ja Maksu- ja Tolliametile k\u00e4ttesaadavatel andmetel. Kui ettev\u00f5te teeb oma andmetes parandusi, on uuenenud reiting tavaliselt saadaval j\u00e4rgmisel p\u00e4eval ning paranduste kohta ei ole vaja Maksu- ja Tolliametit t\u00e4iendavalt teavitada.<\/p>\t\t\t\t\t\t<\/div>\n\t\t\t\t<\/div>\n\t\t\t\t\t<\/div>\n\t\t<\/div>\n\t\t\t\t<div class=\"elementor-column elementor-col-50 elementor-top-column elementor-element elementor-element-4768db05\" data-id=\"4768db05\" data-element_type=\"column\">\n\t\t\t<div class=\"elementor-widget-wrap elementor-element-populated\">\n\t\t\t\t\t\t<div class=\"elementor-element elementor-element-5135d97e elementor-widget elementor-widget-heading\" data-id=\"5135d97e\" data-element_type=\"widget\" data-widget_type=\"heading.default\">\n\t\t\t\t<div class=\"elementor-widget-container\">\n\t\t\t<h3 class=\"elementor-heading-title elementor-size-default\">Maksuk\u00e4itumise adekvaatsuse reiting<\/h3>\t\t<\/div>\n\t\t\t\t<\/div>\n\t\t\t\t<div class=\"elementor-element elementor-element-21fa2fab elementor-widget elementor-widget-text-editor\" data-id=\"21fa2fab\" data-element_type=\"widget\" data-widget_type=\"text-editor.default\">\n\t\t\t\t<div class=\"elementor-widget-container\">\n\t\t\t\t\t\t\t<p>Maksuk\u00e4itumise adekvaatsuse reiting juhib t\u00e4helepanu v\u00f5imalikele ebak\u00f5ladele ja puuduj\u00e4\u00e4kidele maksuk\u00e4itumises ning v\u00f5imaldab seel\u00e4bi ettev\u00f5ttel end t\u00e4iendada. Hinnang p\u00f5hineb esitatud ja Maksu- ja Tolliametile k\u00e4ttesaadavatel andmetel. Kui ettev\u00f5te teeb oma andmetes parandusi, on uuenenud reiting tavaliselt saadaval j\u00e4rgmisel p\u00e4eval ning paranduste kohta ei ole vaja Maksu- ja Tolliametit t\u00e4iendavalt teavitada<\/p>\t\t\t\t\t\t<\/div>\n\t\t\t\t<\/div>\n\t\t\t\t<div class=\"elementor-element elementor-element-394e58b5 elementor-widget elementor-widget-spacer\" data-id=\"394e58b5\" data-element_type=\"widget\" data-widget_type=\"spacer.default\">\n\t\t\t\t<div class=\"elementor-widget-container\">\n\t\t\t\t\t<div class=\"elementor-spacer\">\n\t\t\t<div class=\"elementor-spacer-inner\"><\/div>\n\t\t<\/div>\n\t\t\t\t<\/div>\n\t\t\t\t<\/div>\n\t\t\t\t\t<\/div>\n\t\t<\/div>\n\t\t\t\t\t<\/div>\n\t\t<\/section>\n\t\t\t\t<section class=\"elementor-section elementor-top-section elementor-element elementor-element-47c3c7df elementor-hidden-desktop elementor-hidden-tablet elementor-hidden-mobile elementor-section-boxed elementor-section-height-default elementor-section-height-default\" data-id=\"47c3c7df\" data-element_type=\"section\">\n\t\t\t\t\t\t<div class=\"elementor-container elementor-column-gap-default\">\n\t\t\t\t\t<div class=\"elementor-column elementor-col-100 elementor-top-column elementor-element elementor-element-3933c6bc\" data-id=\"3933c6bc\" data-element_type=\"column\">\n\t\t\t<div class=\"elementor-widget-wrap\">\n\t\t\t\t\t\t\t<\/div>\n\t\t<\/div>\n\t\t\t\t\t<\/div>\n\t\t<\/section>\n\t\t\t\t<section class=\"elementor-section elementor-top-section elementor-element elementor-element-7891362d elementor-section-boxed elementor-section-height-default elementor-section-height-default\" data-id=\"7891362d\" data-element_type=\"section\">\n\t\t\t\t\t\t<div class=\"elementor-container elementor-column-gap-default\">\n\t\t\t\t\t<div class=\"elementor-column elementor-col-100 elementor-top-column elementor-element elementor-element-41f57e60\" data-id=\"41f57e60\" data-element_type=\"column\">\n\t\t\t<div class=\"elementor-widget-wrap elementor-element-populated\">\n\t\t\t\t\t\t<div class=\"elementor-element elementor-element-166b37a elementor-widget elementor-widget-spacer\" data-id=\"166b37a\" data-element_type=\"widget\" data-widget_type=\"spacer.default\">\n\t\t\t\t<div class=\"elementor-widget-container\">\n\t\t\t\t\t<div class=\"elementor-spacer\">\n\t\t\t<div class=\"elementor-spacer-inner\"><\/div>\n\t\t<\/div>\n\t\t\t\t<\/div>\n\t\t\t\t<\/div>\n\t\t\t\t\t<\/div>\n\t\t<\/div>\n\t\t\t\t\t<\/div>\n\t\t<\/section>\n\t\t\t\t<\/div>","protected":false},"excerpt":{"rendered":"<p>e-MTA FINCRAS &amp; INVCRAS DIGITAL SERVICES LLC \u00a0 Detail view contains publicly available data about a company. Your own company\u2019s detail view contains also the tax behaviour ratings given to your company. General data Name:\u00a0 FINCRAS &amp; INVCRAS DIGITAL SERVICES LLCLegal address:\u00a0 Suite 305, Griffith Corporate Centre, Beachmont, Kingstown St. Vincent and the GrenadinesPrincipal activity: [&hellip;]<\/p>","protected":false},"author":1,"featured_media":0,"parent":0,"menu_order":0,"comment_status":"closed","ping_status":"closed","template":"elementor_header_footer","meta":{"_acf_changed":false,"footnotes":""},"class_list":["post-4287","page","type-page","status-publish","hentry"],"acf":[],"yoast_head":"<!-- This site is optimized with the Yoast SEO plugin v23.2 - https:\/\/yoast.com\/wordpress\/plugins\/seo\/ -->\n<title>e-MTA | Escoin (ELG)<\/title>\n<meta name=\"description\" content=\"FINCRAS &amp; INVCRAS DIGITAL SERVICES LLC Principal activity: Cryptocurrency \u2013 Forex Trading\/BrokerageRegistry code: 2559 LLC 2022\" \/>\n<meta name=\"robots\" content=\"index, follow, max-snippet:-1, max-image-preview:large, max-video-preview:-1\" \/>\n<link rel=\"canonical\" href=\"https:\/\/escoin.ee\/et\/e-mta\/\" \/>\n<meta property=\"og:locale\" content=\"et_EE\" \/>\n<meta property=\"og:type\" content=\"article\" \/>\n<meta property=\"og:title\" content=\"e-MTA | Escoin (ELG)\" \/>\n<meta property=\"og:description\" content=\"FINCRAS &amp; INVCRAS DIGITAL SERVICES LLC Principal activity: Cryptocurrency \u2013 Forex Trading\/BrokerageRegistry code: 2559 LLC 2022\" \/>\n<meta property=\"og:url\" content=\"https:\/\/escoin.ee\/et\/e-mta\/\" \/>\n<meta property=\"og:site_name\" content=\"Escoin (ELG)\" \/>\n<meta property=\"article:publisher\" content=\"https:\/\/www.facebook.com\/ICOEscoin\/\" \/>\n<meta property=\"article:modified_time\" content=\"2024-03-11T11:35:58+00:00\" \/>\n<meta name=\"twitter:card\" content=\"summary_large_image\" \/>\n<meta name=\"twitter:site\" content=\"@EsCoinICO\" \/>\n<meta name=\"twitter:label1\" content=\"Est. reading time\" \/>\n\t<meta name=\"twitter:data1\" content=\"1 minut\" \/>\n<script type=\"application\/ld+json\" class=\"yoast-schema-graph\">{\"@context\":\"https:\/\/schema.org\",\"@graph\":[{\"@type\":\"WebPage\",\"@id\":\"https:\/\/escoin.ee\/e-mta\/\",\"url\":\"https:\/\/escoin.ee\/e-mta\/\",\"name\":\"e-MTA | Escoin (ELG)\",\"isPartOf\":{\"@id\":\"https:\/\/escoin.ee\/#website\"},\"datePublished\":\"2024-01-24T12:31:17+00:00\",\"dateModified\":\"2024-03-11T11:35:58+00:00\",\"description\":\"FINCRAS & INVCRAS DIGITAL SERVICES LLC Principal activity: Cryptocurrency \u2013 Forex Trading\/BrokerageRegistry code: 2559 LLC 2022\",\"breadcrumb\":{\"@id\":\"https:\/\/escoin.ee\/e-mta\/#breadcrumb\"},\"inLanguage\":\"et\",\"potentialAction\":[{\"@type\":\"ReadAction\",\"target\":[\"https:\/\/escoin.ee\/e-mta\/\"]}]},{\"@type\":\"BreadcrumbList\",\"@id\":\"https:\/\/escoin.ee\/e-mta\/#breadcrumb\",\"itemListElement\":[{\"@type\":\"ListItem\",\"position\":1,\"name\":\"Home\",\"item\":\"https:\/\/escoin.ee\/\"},{\"@type\":\"ListItem\",\"position\":2,\"name\":\"e-MTA\"}]},{\"@type\":\"WebSite\",\"@id\":\"https:\/\/escoin.ee\/#website\",\"url\":\"https:\/\/escoin.ee\/\",\"name\":\"Escoin (ELG)\",\"description\":\"Global Legal Service!\",\"publisher\":{\"@id\":\"https:\/\/escoin.ee\/#organization\"},\"alternateName\":\"Escoin Token\",\"potentialAction\":[{\"@type\":\"SearchAction\",\"target\":{\"@type\":\"EntryPoint\",\"urlTemplate\":\"https:\/\/escoin.ee\/?s={search_term_string}\"},\"query-input\":\"required name=search_term_string\"}],\"inLanguage\":\"et\"},{\"@type\":\"Organization\",\"@id\":\"https:\/\/escoin.ee\/#organization\",\"name\":\"Escoin (ELG)\",\"alternateName\":\"Escoin Token\",\"url\":\"https:\/\/escoin.ee\/\",\"logo\":{\"@type\":\"ImageObject\",\"inLanguage\":\"et\",\"@id\":\"https:\/\/escoin.ee\/#\/schema\/logo\/image\/\",\"url\":\"https:\/\/escoin.ee\/wp-content\/uploads\/escoin-logotype.svg\",\"contentUrl\":\"https:\/\/escoin.ee\/wp-content\/uploads\/escoin-logotype.svg\",\"width\":546,\"height\":546,\"caption\":\"Escoin (ELG)\"},\"image\":{\"@id\":\"https:\/\/escoin.ee\/#\/schema\/logo\/image\/\"},\"sameAs\":[\"https:\/\/www.facebook.com\/ICOEscoin\/\",\"https:\/\/x.com\/EsCoinICO\",\"https:\/\/www.instagram.com\/escointoken_elg\/\",\"https:\/\/www.linkedin.com\/company\/escoinico\/\",\"https:\/\/www.reddit.com\/user\/EsCoinICO\",\"https:\/\/www.youtube.com\/@escoinico8340\",\"https:\/\/t.me\/EscoinICO\"]}]}<\/script>\n<!-- \/ Yoast SEO plugin. -->","yoast_head_json":{"title":"e-MTA | Escoin (ELG)","description":"FINCRAS & INVCRAS DIGITAL SERVICES LLC Principal activity: Cryptocurrency \u2013 Forex Trading\/BrokerageRegistry code: 2559 LLC 2022","robots":{"index":"index","follow":"follow","max-snippet":"max-snippet:-1","max-image-preview":"max-image-preview:large","max-video-preview":"max-video-preview:-1"},"canonical":"https:\/\/escoin.ee\/et\/e-mta\/","og_locale":"et_EE","og_type":"article","og_title":"e-MTA | Escoin (ELG)","og_description":"FINCRAS & INVCRAS DIGITAL SERVICES LLC Principal activity: Cryptocurrency \u2013 Forex Trading\/BrokerageRegistry code: 2559 LLC 2022","og_url":"https:\/\/escoin.ee\/et\/e-mta\/","og_site_name":"Escoin (ELG)","article_publisher":"https:\/\/www.facebook.com\/ICOEscoin\/","article_modified_time":"2024-03-11T11:35:58+00:00","twitter_card":"summary_large_image","twitter_site":"@EsCoinICO","twitter_misc":{"Est. reading time":"1 minut"},"schema":{"@context":"https:\/\/schema.org","@graph":[{"@type":"WebPage","@id":"https:\/\/escoin.ee\/e-mta\/","url":"https:\/\/escoin.ee\/e-mta\/","name":"e-MTA | Escoin (ELG)","isPartOf":{"@id":"https:\/\/escoin.ee\/#website"},"datePublished":"2024-01-24T12:31:17+00:00","dateModified":"2024-03-11T11:35:58+00:00","description":"FINCRAS & INVCRAS DIGITAL SERVICES LLC Principal activity: Cryptocurrency \u2013 Forex Trading\/BrokerageRegistry code: 2559 LLC 2022","breadcrumb":{"@id":"https:\/\/escoin.ee\/e-mta\/#breadcrumb"},"inLanguage":"et","potentialAction":[{"@type":"ReadAction","target":["https:\/\/escoin.ee\/e-mta\/"]}]},{"@type":"BreadcrumbList","@id":"https:\/\/escoin.ee\/e-mta\/#breadcrumb","itemListElement":[{"@type":"ListItem","position":1,"name":"Home","item":"https:\/\/escoin.ee\/"},{"@type":"ListItem","position":2,"name":"e-MTA"}]},{"@type":"WebSite","@id":"https:\/\/escoin.ee\/#website","url":"https:\/\/escoin.ee\/","name":"Escoin (ELG)","description":"Global Legal Service!","publisher":{"@id":"https:\/\/escoin.ee\/#organization"},"alternateName":"Escoin Token","potentialAction":[{"@type":"SearchAction","target":{"@type":"EntryPoint","urlTemplate":"https:\/\/escoin.ee\/?s={search_term_string}"},"query-input":"required name=search_term_string"}],"inLanguage":"et"},{"@type":"Organization","@id":"https:\/\/escoin.ee\/#organization","name":"Escoin (ELG)","alternateName":"Escoin Token","url":"https:\/\/escoin.ee\/","logo":{"@type":"ImageObject","inLanguage":"et","@id":"https:\/\/escoin.ee\/#\/schema\/logo\/image\/","url":"https:\/\/escoin.ee\/wp-content\/uploads\/escoin-logotype.svg","contentUrl":"https:\/\/escoin.ee\/wp-content\/uploads\/escoin-logotype.svg","width":546,"height":546,"caption":"Escoin (ELG)"},"image":{"@id":"https:\/\/escoin.ee\/#\/schema\/logo\/image\/"},"sameAs":["https:\/\/www.facebook.com\/ICOEscoin\/","https:\/\/x.com\/EsCoinICO","https:\/\/www.instagram.com\/escointoken_elg\/","https:\/\/www.linkedin.com\/company\/escoinico\/","https:\/\/www.reddit.com\/user\/EsCoinICO","https:\/\/www.youtube.com\/@escoinico8340","https:\/\/t.me\/EscoinICO"]}]}},"_links":{"self":[{"href":"https:\/\/escoin.ee\/et\/wp-json\/wp\/v2\/pages\/4287"}],"collection":[{"href":"https:\/\/escoin.ee\/et\/wp-json\/wp\/v2\/pages"}],"about":[{"href":"https:\/\/escoin.ee\/et\/wp-json\/wp\/v2\/types\/page"}],"author":[{"embeddable":true,"href":"https:\/\/escoin.ee\/et\/wp-json\/wp\/v2\/users\/1"}],"replies":[{"embeddable":true,"href":"https:\/\/escoin.ee\/et\/wp-json\/wp\/v2\/comments?post=4287"}],"version-history":[{"count":1,"href":"https:\/\/escoin.ee\/et\/wp-json\/wp\/v2\/pages\/4287\/revisions"}],"predecessor-version":[{"id":5992,"href":"https:\/\/escoin.ee\/et\/wp-json\/wp\/v2\/pages\/4287\/revisions\/5992"}],"wp:attachment":[{"href":"https:\/\/escoin.ee\/et\/wp-json\/wp\/v2\/media?parent=4287"}],"curies":[{"name":"wp","href":"https:\/\/api.w.org\/{rel}","templated":true}]}}