{"id":4258,"date":"2024-01-24T15:09:46","date_gmt":"2024-01-24T12:09:46","guid":{"rendered":"https:\/\/www.escoin.ee\/?page_id=4258"},"modified":"2024-02-19T12:22:30","modified_gmt":"2024-02-19T09:22:30","slug":"investment-platform","status":"publish","type":"page","link":"https:\/\/escoin.ee\/et\/investment-platform\/","title":{"rendered":"Investment Platform"},"content":{"rendered":"<div data-elementor-type=\"wp-page\" data-elementor-id=\"4258\" class=\"elementor elementor-4258\">\n\t\t\t\t<div class=\"elementor-element elementor-element-29bbeb50 e-flex e-con-boxed e-con e-parent\" data-id=\"29bbeb50\" data-element_type=\"container\" data-settings=\"{&quot;background_background&quot;:&quot;classic&quot;}\">\n\t\t\t\t\t<div class=\"e-con-inner\">\n\t\t\t\t<div class=\"elementor-element elementor-element-28693c63 elementor-widget elementor-widget-heading\" data-id=\"28693c63\" data-element_type=\"widget\" data-widget_type=\"heading.default\">\n\t\t\t\t<div class=\"elementor-widget-container\">\n\t\t\t<style>\/*! elementor - v3.23.0 - 05-08-2024 *\/\n.elementor-heading-title{padding:0;margin:0;line-height:1}.elementor-widget-heading .elementor-heading-title[class*=elementor-size-]>a{color:inherit;font-size:inherit;line-height:inherit}.elementor-widget-heading .elementor-heading-title.elementor-size-small{font-size:15px}.elementor-widget-heading .elementor-heading-title.elementor-size-medium{font-size:19px}.elementor-widget-heading .elementor-heading-title.elementor-size-large{font-size:29px}.elementor-widget-heading .elementor-heading-title.elementor-size-xl{font-size:39px}.elementor-widget-heading .elementor-heading-title.elementor-size-xxl{font-size:59px}<\/style><h1 class=\"elementor-heading-title elementor-size-default\">INVESTEERIMISPLATVORM<\/h1>\t\t<\/div>\n\t\t\t\t<\/div>\n\t\t\t\t\t<\/div>\n\t\t\t\t<\/div>\n\t\t\t\t<section class=\"elementor-section elementor-top-section elementor-element elementor-element-2043f694 elementor-section-boxed elementor-section-height-default elementor-section-height-default\" data-id=\"2043f694\" data-element_type=\"section\" id=\"pagebanner\">\n\t\t\t\t\t\t<div class=\"elementor-container elementor-column-gap-default\">\n\t\t\t\t\t<div class=\"elementor-column elementor-col-100 elementor-top-column elementor-element elementor-element-21038cd3\" data-id=\"21038cd3\" data-element_type=\"column\">\n\t\t\t<div class=\"elementor-widget-wrap elementor-element-populated\">\n\t\t\t\t\t\t<section class=\"elementor-section elementor-inner-section elementor-element elementor-element-342cf96d elementor-section-full_width elementor-section-height-default elementor-section-height-default\" data-id=\"342cf96d\" data-element_type=\"section\">\n\t\t\t\t\t\t<div class=\"elementor-container elementor-column-gap-default\">\n\t\t\t\t\t<div class=\"elementor-column elementor-col-50 elementor-inner-column elementor-element elementor-element-464e2a6b\" data-id=\"464e2a6b\" data-element_type=\"column\">\n\t\t\t<div class=\"elementor-widget-wrap elementor-element-populated\">\n\t\t\t\t\t\t<div class=\"elementor-element elementor-element-5efb41a2 elementor-widget elementor-widget-text-editor\" data-id=\"5efb41a2\" data-element_type=\"widget\" data-widget_type=\"text-editor.default\">\n\t\t\t\t<div class=\"elementor-widget-container\">\n\t\t\t<style>\/*! elementor - v3.23.0 - 05-08-2024 *\/\n.elementor-widget-text-editor.elementor-drop-cap-view-stacked .elementor-drop-cap{background-color:#69727d;color:#fff}.elementor-widget-text-editor.elementor-drop-cap-view-framed .elementor-drop-cap{color:#69727d;border:3px solid;background-color:transparent}.elementor-widget-text-editor:not(.elementor-drop-cap-view-default) .elementor-drop-cap{margin-top:8px}.elementor-widget-text-editor:not(.elementor-drop-cap-view-default) .elementor-drop-cap-letter{width:1em;height:1em}.elementor-widget-text-editor .elementor-drop-cap{float:left;text-align:center;line-height:1;font-size:50px}.elementor-widget-text-editor .elementor-drop-cap-letter{display:inline-block}<\/style>\t\t\t\t<h2 class=\"leftlight\">INVESTEERIMINE KAHETEIST<\/h2><p>\u00a0<\/p><p class=\"leftsub\">See on \u00fcks parimaid viise, kuidas muuta oma maaklerteenused k\u00e4ttesaadavamaks igale kliendile, kes soovib investeerida Investisse v\u00f5i muule finantsturule, mitte ainult kauplejatele.<\/p>\t\t\t\t\t\t<\/div>\n\t\t\t\t<\/div>\n\t\t\t\t<div class=\"elementor-element elementor-element-d2ef143 elementor-mobile-align-center elementor-widget elementor-widget-button\" data-id=\"d2ef143\" data-element_type=\"widget\" data-widget_type=\"button.default\">\n\t\t\t\t<div class=\"elementor-widget-container\">\n\t\t\t\t\t<div class=\"elementor-button-wrapper\">\n\t\t\t<a class=\"elementor-button elementor-button-link elementor-size-sm elementor-animation-grow\" href=\"https:\/\/invest.escoin.ee\" target=\"_blank\">\n\t\t\t\t\t\t<span class=\"elementor-button-content-wrapper\">\n\t\t\t\t\t\t\t\t\t<span class=\"elementor-button-text\">Alustage Investeerimist<\/span>\n\t\t\t\t\t<\/span>\n\t\t\t\t\t<\/a>\n\t\t<\/div>\n\t\t\t\t<\/div>\n\t\t\t\t<\/div>\n\t\t\t\t<div class=\"elementor-element elementor-element-7069ab7e elementor-widget elementor-widget-spacer\" data-id=\"7069ab7e\" data-element_type=\"widget\" data-widget_type=\"spacer.default\">\n\t\t\t\t<div class=\"elementor-widget-container\">\n\t\t\t<style>\/*! elementor - v3.23.0 - 05-08-2024 *\/\n.elementor-column .elementor-spacer-inner{height:var(--spacer-size)}.e-con{--container-widget-width:100%}.e-con-inner>.elementor-widget-spacer,.e-con>.elementor-widget-spacer{width:var(--container-widget-width,var(--spacer-size));--align-self:var(--container-widget-align-self,initial);--flex-shrink:0}.e-con-inner>.elementor-widget-spacer>.elementor-widget-container,.e-con>.elementor-widget-spacer>.elementor-widget-container{height:100%;width:100%}.e-con-inner>.elementor-widget-spacer>.elementor-widget-container>.elementor-spacer,.e-con>.elementor-widget-spacer>.elementor-widget-container>.elementor-spacer{height:100%}.e-con-inner>.elementor-widget-spacer>.elementor-widget-container>.elementor-spacer>.elementor-spacer-inner,.e-con>.elementor-widget-spacer>.elementor-widget-container>.elementor-spacer>.elementor-spacer-inner{height:var(--container-widget-height,var(--spacer-size))}.e-con-inner>.elementor-widget-spacer.elementor-widget-empty,.e-con>.elementor-widget-spacer.elementor-widget-empty{position:relative;min-height:22px;min-width:22px}.e-con-inner>.elementor-widget-spacer.elementor-widget-empty .elementor-widget-empty-icon,.e-con>.elementor-widget-spacer.elementor-widget-empty .elementor-widget-empty-icon{position:absolute;top:0;bottom:0;left:0;right:0;margin:auto;padding:0;width:22px;height:22px}<\/style>\t\t<div class=\"elementor-spacer\">\n\t\t\t<div class=\"elementor-spacer-inner\"><\/div>\n\t\t<\/div>\n\t\t\t\t<\/div>\n\t\t\t\t<\/div>\n\t\t\t\t\t<\/div>\n\t\t<\/div>\n\t\t\t\t<div class=\"elementor-column elementor-col-50 elementor-inner-column elementor-element elementor-element-2625cd19\" data-id=\"2625cd19\" data-element_type=\"column\">\n\t\t\t<div class=\"elementor-widget-wrap elementor-element-populated\">\n\t\t\t\t\t\t<div class=\"elementor-element elementor-element-161e408d elementor-widget elementor-widget-image\" data-id=\"161e408d\" data-element_type=\"widget\" data-widget_type=\"image.default\">\n\t\t\t\t<div class=\"elementor-widget-container\">\n\t\t\t<style>\/*! elementor - v3.23.0 - 05-08-2024 *\/\n.elementor-widget-image{text-align:center}.elementor-widget-image a{display:inline-block}.elementor-widget-image a img[src$=\".svg\"]{width:48px}.elementor-widget-image img{vertical-align:middle;display:inline-block}<\/style>\t\t\t\t\t\t\t\t\t\t<img decoding=\"async\" src=\"https:\/\/escoin.ee\/wp-content\/uploads\/escoin-page-icons_Target.svg\" title=\"Escoin Target Icon\" alt=\"Escoin Target Icon\" loading=\"lazy\" \/>\t\t\t\t\t\t\t\t\t\t\t\t\t<\/div>\n\t\t\t\t<\/div>\n\t\t\t\t\t<\/div>\n\t\t<\/div>\n\t\t\t\t\t<\/div>\n\t\t<\/section>\n\t\t\t\t\t<\/div>\n\t\t<\/div>\n\t\t\t\t\t<\/div>\n\t\t<\/section>\n\t\t\t\t<section class=\"elementor-section elementor-top-section elementor-element elementor-element-55fb0824 elementor-section-boxed elementor-section-height-default elementor-section-height-default\" data-id=\"55fb0824\" data-element_type=\"section\">\n\t\t\t\t\t\t<div class=\"elementor-container elementor-column-gap-default\">\n\t\t\t\t\t<div class=\"elementor-column elementor-col-100 elementor-top-column elementor-element elementor-element-5e81ab80\" data-id=\"5e81ab80\" data-element_type=\"column\">\n\t\t\t<div class=\"elementor-widget-wrap elementor-element-populated\">\n\t\t\t\t\t\t<div class=\"elementor-element elementor-element-7b215c4b elementor-widget elementor-widget-spacer\" data-id=\"7b215c4b\" data-element_type=\"widget\" data-widget_type=\"spacer.default\">\n\t\t\t\t<div class=\"elementor-widget-container\">\n\t\t\t\t\t<div class=\"elementor-spacer\">\n\t\t\t<div class=\"elementor-spacer-inner\"><\/div>\n\t\t<\/div>\n\t\t\t\t<\/div>\n\t\t\t\t<\/div>\n\t\t\t\t<div class=\"elementor-element elementor-element-5caff3a4 elementor-widget elementor-widget-text-editor\" data-id=\"5caff3a4\" data-element_type=\"widget\" data-widget_type=\"text-editor.default\">\n\t\t\t\t<div class=\"elementor-widget-container\">\n\t\t\t\t\t\t\t<h3><strong>Kuidas lahendus t\u00f6\u00f6tab?<\/strong><\/h3>\n<ul>\n \t<li>Lahendustehnoloogia kasutab PAMM-teenuse ja platvormi \u00fchendamiseks halduri protokolli.<\/li>\n \t<li>PAMM-i juhid (kauplejad) avavad oma kontod platvormil ning j\u00e4lgijad (investorid) avavad kontod ja liituvad juhtidega, kelle strateegiaid nad peavad atraktiivseks.<\/li>\n \t<li>J\u00e4lgijad p\u00e4\u00e4sevad juurde k\u00f5ikidele andmetele juhtide kauplemistulemuste kohta ja saavad valida halduri indikaatorite komplekti alusel.<\/li>\n \t<li>K\u00f5ik PNL jagatakse automaatselt PAMM-i halduri ja selle j\u00e4rgijate vahel.<\/li>\n<\/ul>\t\t\t\t\t\t<\/div>\n\t\t\t\t<\/div>\n\t\t\t\t<div class=\"elementor-element elementor-element-62e1fa3b elementor-widget elementor-widget-text-editor\" data-id=\"62e1fa3b\" data-element_type=\"widget\" data-widget_type=\"text-editor.default\">\n\t\t\t\t<div class=\"elementor-widget-container\">\n\t\t\t\t\t\t\t<p>Escoin Investment aitab teil luua usaldusv\u00e4\u00e4rseid suhteid investoritega. Saate t\u00f6\u00f6riistad maksimaalseks l\u00e4bipaistvuseks \u2013 investor teab alati oma fondide seisu ja saab teiega \u00fchendust v\u00f5tta, kui soovib oma investeeringut muuta.<\/p><p>Platvorm vabastab teid rutiinsetest aruannetest, s\u00e4\u00e4stes aega sisukamate asjade jaoks. Iga kaupleja mis tahes riigis saab hetkeolukorra kontrollimiseks iga minut sisse logida arvuti v\u00f5i mobiilseadme kaudu. Teie valite parameetrid, mida teie kliendid saavad j\u00e4lgida.<\/p>\t\t\t\t\t\t<\/div>\n\t\t\t\t<\/div>\n\t\t\t\t\t<\/div>\n\t\t<\/div>\n\t\t\t\t\t<\/div>\n\t\t<\/section>\n\t\t\t\t<section class=\"elementor-section elementor-top-section elementor-element elementor-element-4d33707d elementor-section-boxed elementor-section-height-default elementor-section-height-default\" data-id=\"4d33707d\" data-element_type=\"section\">\n\t\t\t\t\t\t<div class=\"elementor-container elementor-column-gap-default\">\n\t\t\t\t\t<div class=\"elementor-column elementor-col-100 elementor-top-column elementor-element elementor-element-342d9e0a\" data-id=\"342d9e0a\" data-element_type=\"column\">\n\t\t\t<div class=\"elementor-widget-wrap elementor-element-populated\">\n\t\t\t\t\t\t<div class=\"elementor-element elementor-element-180d4e62 elementor-widget elementor-widget-spacer\" data-id=\"180d4e62\" data-element_type=\"widget\" data-widget_type=\"spacer.default\">\n\t\t\t\t<div class=\"elementor-widget-container\">\n\t\t\t\t\t<div class=\"elementor-spacer\">\n\t\t\t<div class=\"elementor-spacer-inner\"><\/div>\n\t\t<\/div>\n\t\t\t\t<\/div>\n\t\t\t\t<\/div>\n\t\t\t\t<div class=\"elementor-element elementor-element-3e94bcad elementor-widget elementor-widget-text-editor\" data-id=\"3e94bcad\" data-element_type=\"widget\" data-widget_type=\"text-editor.default\">\n\t\t\t\t<div class=\"elementor-widget-container\">\n\t\t\t\t\t\t\t<p><strong>K\u00f5ik parameetrid kuvatakse graafilisel kujul<\/strong><\/p><p>Fondide efektiivsust saate t\u00f5estada ka neile, kes ei soovi finantsturgudel kaasa l\u00fc\u00fca. K\u00f5ik andmed on saadaval selgete diagrammide kujul. Investeeringute toimimise m\u00f5istmiseks ja m\u00f5istmiseks pole vaja eriteadmisi.<\/p><p><strong>Reaalajas andmed<\/strong><\/p><p>Investorid ei pea ootama kolmandate osapoolte koostatud aruandeid \u2013 andmetele p\u00e4\u00e4sevad nad igal ajal ise ligi. K\u00f5ik veebikaubanduse andmed on reaalajas saadaval.<\/p><p><strong>Teie kliendid saavad igal ajal esitada uue investeerimistaotluse.<\/strong><\/p><p>Hoidke oma investoritega \u00fchendust. Kui teie kliendid soovivad oma investeeringuid muuta, saavad nad seda taotleda mis tahes toetatud seadmest.<\/p><p>Web Trade'iga j\u00e4\u00e4b teie fond v\u00f5imalikult l\u00e4bipaistvaks, samas kui te ei pea kulutama ressursse l\u00f5pututele aruannetele. Platvorm aitab teil suurendada investorite lojaalsust, tugevdada teie kliendibaasi ja s\u00e4\u00e4sta aega kahjumlike \u00fclesannete t\u00e4itmisel.<\/p>\t\t\t\t\t\t<\/div>\n\t\t\t\t<\/div>\n\t\t\t\t<div class=\"elementor-element elementor-element-672f6bb7 elementor-widget elementor-widget-spacer\" data-id=\"672f6bb7\" data-element_type=\"widget\" data-widget_type=\"spacer.default\">\n\t\t\t\t<div class=\"elementor-widget-container\">\n\t\t\t\t\t<div class=\"elementor-spacer\">\n\t\t\t<div class=\"elementor-spacer-inner\"><\/div>\n\t\t<\/div>\n\t\t\t\t<\/div>\n\t\t\t\t<\/div>\n\t\t\t\t\t<\/div>\n\t\t<\/div>\n\t\t\t\t\t<\/div>\n\t\t<\/section>\n\t\t\t\t<\/div>","protected":false},"excerpt":{"rendered":"<p>INVESTMENT PLATFORM INVESTING AT TWELVE \u00a0 This is one of the best ways to make your brokerage services more accessible to any client looking to invest in Invest or any other financial market, not just traders. Start Investing How does the solution work? The solution technology uses a manager protocol to connect the PAMM service [&hellip;]<\/p>","protected":false},"author":1,"featured_media":0,"parent":0,"menu_order":0,"comment_status":"closed","ping_status":"closed","template":"elementor_header_footer","meta":{"_acf_changed":false,"footnotes":""},"class_list":["post-4258","page","type-page","status-publish","hentry"],"acf":[],"yoast_head":"<!-- This site is optimized with the Yoast SEO plugin v23.2 - https:\/\/yoast.com\/wordpress\/plugins\/seo\/ -->\n<title>Investment Platform | Escoin (ELG)<\/title>\n<meta name=\"robots\" content=\"index, follow, max-snippet:-1, max-image-preview:large, max-video-preview:-1\" \/>\n<link rel=\"canonical\" href=\"https:\/\/escoin.ee\/et\/investment-platform\/\" \/>\n<meta property=\"og:locale\" content=\"et_EE\" \/>\n<meta property=\"og:type\" content=\"article\" \/>\n<meta property=\"og:title\" content=\"Investment Platform | Escoin (ELG)\" \/>\n<meta property=\"og:description\" content=\"INVESTMENT PLATFORM INVESTING AT TWELVE \u00a0 This is one of the best ways to make your brokerage services more accessible to any client looking to invest in Invest or any other financial market, not just traders. Start Investing How does the solution work? The solution technology uses a manager protocol to connect the PAMM service [&hellip;]\" \/>\n<meta property=\"og:url\" content=\"https:\/\/escoin.ee\/et\/investment-platform\/\" \/>\n<meta property=\"og:site_name\" content=\"Escoin (ELG)\" \/>\n<meta property=\"article:publisher\" content=\"https:\/\/www.facebook.com\/ICOEscoin\/\" \/>\n<meta property=\"article:modified_time\" content=\"2024-02-19T09:22:30+00:00\" \/>\n<meta property=\"og:image\" content=\"https:\/\/escoin.ee\/wp-content\/uploads\/escoin-page-icons_Target.svg\" \/>\n<meta name=\"twitter:card\" content=\"summary_large_image\" \/>\n<meta name=\"twitter:site\" content=\"@EsCoinICO\" \/>\n<meta name=\"twitter:label1\" content=\"Est. reading time\" \/>\n\t<meta name=\"twitter:data1\" content=\"2 minutit\" \/>\n<script type=\"application\/ld+json\" class=\"yoast-schema-graph\">{\"@context\":\"https:\/\/schema.org\",\"@graph\":[{\"@type\":\"WebPage\",\"@id\":\"https:\/\/escoin.ee\/investment-platform\/\",\"url\":\"https:\/\/escoin.ee\/investment-platform\/\",\"name\":\"Investment Platform | Escoin (ELG)\",\"isPartOf\":{\"@id\":\"https:\/\/escoin.ee\/#website\"},\"primaryImageOfPage\":{\"@id\":\"https:\/\/escoin.ee\/investment-platform\/#primaryimage\"},\"image\":{\"@id\":\"https:\/\/escoin.ee\/investment-platform\/#primaryimage\"},\"thumbnailUrl\":\"https:\/\/escoin.ee\/wp-content\/uploads\/escoin-page-icons_Target.svg\",\"datePublished\":\"2024-01-24T12:09:46+00:00\",\"dateModified\":\"2024-02-19T09:22:30+00:00\",\"breadcrumb\":{\"@id\":\"https:\/\/escoin.ee\/investment-platform\/#breadcrumb\"},\"inLanguage\":\"et\",\"potentialAction\":[{\"@type\":\"ReadAction\",\"target\":[\"https:\/\/escoin.ee\/investment-platform\/\"]}]},{\"@type\":\"ImageObject\",\"inLanguage\":\"et\",\"@id\":\"https:\/\/escoin.ee\/investment-platform\/#primaryimage\",\"url\":\"https:\/\/escoin.ee\/wp-content\/uploads\/escoin-page-icons_Target.svg\",\"contentUrl\":\"https:\/\/escoin.ee\/wp-content\/uploads\/escoin-page-icons_Target.svg\"},{\"@type\":\"BreadcrumbList\",\"@id\":\"https:\/\/escoin.ee\/investment-platform\/#breadcrumb\",\"itemListElement\":[{\"@type\":\"ListItem\",\"position\":1,\"name\":\"Home\",\"item\":\"https:\/\/escoin.ee\/\"},{\"@type\":\"ListItem\",\"position\":2,\"name\":\"Investment Platform\"}]},{\"@type\":\"WebSite\",\"@id\":\"https:\/\/escoin.ee\/#website\",\"url\":\"https:\/\/escoin.ee\/\",\"name\":\"Escoin (ELG)\",\"description\":\"Global Legal Service!\",\"publisher\":{\"@id\":\"https:\/\/escoin.ee\/#organization\"},\"alternateName\":\"Escoin Token\",\"potentialAction\":[{\"@type\":\"SearchAction\",\"target\":{\"@type\":\"EntryPoint\",\"urlTemplate\":\"https:\/\/escoin.ee\/?s={search_term_string}\"},\"query-input\":\"required name=search_term_string\"}],\"inLanguage\":\"et\"},{\"@type\":\"Organization\",\"@id\":\"https:\/\/escoin.ee\/#organization\",\"name\":\"Escoin (ELG)\",\"alternateName\":\"Escoin Token\",\"url\":\"https:\/\/escoin.ee\/\",\"logo\":{\"@type\":\"ImageObject\",\"inLanguage\":\"et\",\"@id\":\"https:\/\/escoin.ee\/#\/schema\/logo\/image\/\",\"url\":\"https:\/\/escoin.ee\/wp-content\/uploads\/escoin-logotype.svg\",\"contentUrl\":\"https:\/\/escoin.ee\/wp-content\/uploads\/escoin-logotype.svg\",\"width\":546,\"height\":546,\"caption\":\"Escoin (ELG)\"},\"image\":{\"@id\":\"https:\/\/escoin.ee\/#\/schema\/logo\/image\/\"},\"sameAs\":[\"https:\/\/www.facebook.com\/ICOEscoin\/\",\"https:\/\/x.com\/EsCoinICO\",\"https:\/\/www.instagram.com\/escointoken_elg\/\",\"https:\/\/www.linkedin.com\/company\/escoinico\/\",\"https:\/\/www.reddit.com\/user\/EsCoinICO\",\"https:\/\/www.youtube.com\/@escoinico8340\",\"https:\/\/t.me\/EscoinICO\"]}]}<\/script>\n<!-- \/ Yoast SEO plugin. -->","yoast_head_json":{"title":"Investment Platform | Escoin (ELG)","robots":{"index":"index","follow":"follow","max-snippet":"max-snippet:-1","max-image-preview":"max-image-preview:large","max-video-preview":"max-video-preview:-1"},"canonical":"https:\/\/escoin.ee\/et\/investment-platform\/","og_locale":"et_EE","og_type":"article","og_title":"Investment Platform | Escoin (ELG)","og_description":"INVESTMENT PLATFORM INVESTING AT TWELVE \u00a0 This is one of the best ways to make your brokerage services more accessible to any client looking to invest in Invest or any other financial market, not just traders. Start Investing How does the solution work? The solution technology uses a manager protocol to connect the PAMM service [&hellip;]","og_url":"https:\/\/escoin.ee\/et\/investment-platform\/","og_site_name":"Escoin (ELG)","article_publisher":"https:\/\/www.facebook.com\/ICOEscoin\/","article_modified_time":"2024-02-19T09:22:30+00:00","og_image":[{"url":"https:\/\/escoin.ee\/wp-content\/uploads\/escoin-page-icons_Target.svg"}],"twitter_card":"summary_large_image","twitter_site":"@EsCoinICO","twitter_misc":{"Est. reading time":"2 minutit"},"schema":{"@context":"https:\/\/schema.org","@graph":[{"@type":"WebPage","@id":"https:\/\/escoin.ee\/investment-platform\/","url":"https:\/\/escoin.ee\/investment-platform\/","name":"Investment Platform | Escoin (ELG)","isPartOf":{"@id":"https:\/\/escoin.ee\/#website"},"primaryImageOfPage":{"@id":"https:\/\/escoin.ee\/investment-platform\/#primaryimage"},"image":{"@id":"https:\/\/escoin.ee\/investment-platform\/#primaryimage"},"thumbnailUrl":"https:\/\/escoin.ee\/wp-content\/uploads\/escoin-page-icons_Target.svg","datePublished":"2024-01-24T12:09:46+00:00","dateModified":"2024-02-19T09:22:30+00:00","breadcrumb":{"@id":"https:\/\/escoin.ee\/investment-platform\/#breadcrumb"},"inLanguage":"et","potentialAction":[{"@type":"ReadAction","target":["https:\/\/escoin.ee\/investment-platform\/"]}]},{"@type":"ImageObject","inLanguage":"et","@id":"https:\/\/escoin.ee\/investment-platform\/#primaryimage","url":"https:\/\/escoin.ee\/wp-content\/uploads\/escoin-page-icons_Target.svg","contentUrl":"https:\/\/escoin.ee\/wp-content\/uploads\/escoin-page-icons_Target.svg"},{"@type":"BreadcrumbList","@id":"https:\/\/escoin.ee\/investment-platform\/#breadcrumb","itemListElement":[{"@type":"ListItem","position":1,"name":"Home","item":"https:\/\/escoin.ee\/"},{"@type":"ListItem","position":2,"name":"Investment Platform"}]},{"@type":"WebSite","@id":"https:\/\/escoin.ee\/#website","url":"https:\/\/escoin.ee\/","name":"Escoin (ELG)","description":"Global Legal Service!","publisher":{"@id":"https:\/\/escoin.ee\/#organization"},"alternateName":"Escoin Token","potentialAction":[{"@type":"SearchAction","target":{"@type":"EntryPoint","urlTemplate":"https:\/\/escoin.ee\/?s={search_term_string}"},"query-input":"required name=search_term_string"}],"inLanguage":"et"},{"@type":"Organization","@id":"https:\/\/escoin.ee\/#organization","name":"Escoin (ELG)","alternateName":"Escoin Token","url":"https:\/\/escoin.ee\/","logo":{"@type":"ImageObject","inLanguage":"et","@id":"https:\/\/escoin.ee\/#\/schema\/logo\/image\/","url":"https:\/\/escoin.ee\/wp-content\/uploads\/escoin-logotype.svg","contentUrl":"https:\/\/escoin.ee\/wp-content\/uploads\/escoin-logotype.svg","width":546,"height":546,"caption":"Escoin (ELG)"},"image":{"@id":"https:\/\/escoin.ee\/#\/schema\/logo\/image\/"},"sameAs":["https:\/\/www.facebook.com\/ICOEscoin\/","https:\/\/x.com\/EsCoinICO","https:\/\/www.instagram.com\/escointoken_elg\/","https:\/\/www.linkedin.com\/company\/escoinico\/","https:\/\/www.reddit.com\/user\/EsCoinICO","https:\/\/www.youtube.com\/@escoinico8340","https:\/\/t.me\/EscoinICO"]}]}},"_links":{"self":[{"href":"https:\/\/escoin.ee\/et\/wp-json\/wp\/v2\/pages\/4258"}],"collection":[{"href":"https:\/\/escoin.ee\/et\/wp-json\/wp\/v2\/pages"}],"about":[{"href":"https:\/\/escoin.ee\/et\/wp-json\/wp\/v2\/types\/page"}],"author":[{"embeddable":true,"href":"https:\/\/escoin.ee\/et\/wp-json\/wp\/v2\/users\/1"}],"replies":[{"embeddable":true,"href":"https:\/\/escoin.ee\/et\/wp-json\/wp\/v2\/comments?post=4258"}],"version-history":[{"count":0,"href":"https:\/\/escoin.ee\/et\/wp-json\/wp\/v2\/pages\/4258\/revisions"}],"wp:attachment":[{"href":"https:\/\/escoin.ee\/et\/wp-json\/wp\/v2\/media?parent=4258"}],"curies":[{"name":"wp","href":"https:\/\/api.w.org\/{rel}","templated":true}]}}