{"id":4093,"date":"2024-01-19T12:45:28","date_gmt":"2024-01-19T09:45:28","guid":{"rendered":"https:\/\/www.escoin.ee\/?page_id=4093"},"modified":"2024-03-11T14:51:57","modified_gmt":"2024-03-11T11:51:57","slug":"legal-resolution-platform","status":"publish","type":"page","link":"https:\/\/escoin.ee\/et\/legal-resolution-platform\/","title":{"rendered":"\u00d5igusliku Lahendamise Platvorm"},"content":{"rendered":"<div data-elementor-type=\"wp-page\" data-elementor-id=\"4093\" class=\"elementor elementor-4093\">\n\t\t\t\t<div class=\"elementor-element elementor-element-9145416 e-flex e-con-boxed e-con e-parent\" data-id=\"9145416\" data-element_type=\"container\" data-settings=\"{&quot;background_background&quot;:&quot;classic&quot;}\">\n\t\t\t\t\t<div class=\"e-con-inner\">\n\t\t\t\t<div class=\"elementor-element elementor-element-9a5804a elementor-widget elementor-widget-heading\" data-id=\"9a5804a\" data-element_type=\"widget\" data-widget_type=\"heading.default\">\n\t\t\t\t<div class=\"elementor-widget-container\">\n\t\t\t<style>\/*! elementor - v3.23.0 - 05-08-2024 *\/\n.elementor-heading-title{padding:0;margin:0;line-height:1}.elementor-widget-heading .elementor-heading-title[class*=elementor-size-]>a{color:inherit;font-size:inherit;line-height:inherit}.elementor-widget-heading .elementor-heading-title.elementor-size-small{font-size:15px}.elementor-widget-heading .elementor-heading-title.elementor-size-medium{font-size:19px}.elementor-widget-heading .elementor-heading-title.elementor-size-large{font-size:29px}.elementor-widget-heading .elementor-heading-title.elementor-size-xl{font-size:39px}.elementor-widget-heading .elementor-heading-title.elementor-size-xxl{font-size:59px}<\/style><h1 class=\"elementor-heading-title elementor-size-default\">\u00d5IGUSLIK LAHENDUSPLATVORM<\/h1>\t\t<\/div>\n\t\t\t\t<\/div>\n\t\t\t\t\t<\/div>\n\t\t\t\t<\/div>\n\t\t<div class=\"elementor-element elementor-element-072d57f e-flex e-con-boxed e-con e-parent\" data-id=\"072d57f\" data-element_type=\"container\">\n\t\t\t\t\t<div class=\"e-con-inner\">\n\t\t<div class=\"elementor-element elementor-element-8ea08ff e-con-full e-flex e-con e-child\" data-id=\"8ea08ff\" data-element_type=\"container\">\n\t\t\t\t<div class=\"elementor-element elementor-element-def2f04 elementor-widget elementor-widget-heading\" data-id=\"def2f04\" data-element_type=\"widget\" data-widget_type=\"heading.default\">\n\t\t\t\t<div class=\"elementor-widget-container\">\n\t\t\t<h2 class=\"elementor-heading-title elementor-size-default\">ESCOINI \u00d5IGUSPLATVORM ON A\n\nSUUR \u00d6KOS\u00dcSTEEM<\/h2>\t\t<\/div>\n\t\t\t\t<\/div>\n\t\t\t\t<div class=\"elementor-element elementor-element-c3d9a8a elementor-widget elementor-widget-html\" data-id=\"c3d9a8a\" data-element_type=\"widget\" data-widget_type=\"html.default\">\n\t\t\t\t<div class=\"elementor-widget-container\">\n\t\t\t<script src=\"https:\/\/unpkg.com\/@dotlottie\/player-component@latest\/dist\/dotlottie-player.mjs\" type=\"module\"><\/script> \r\n\r\n    <dotlottie-player src=\"https:\/\/lottie.host\/4552b2e6-aded-4ecd-b9a2-7e52fe317982\/mcvpMY057q.json\" background=\"transparent\" speed=\"1\" style=\"width: 300px; height: 300px;\" loop autoplay><\/dotlottie-player>\t\t<\/div>\n\t\t\t\t<\/div>\n\t\t\t\t<\/div>\n\t\t\t\t\t<\/div>\n\t\t\t\t<\/div>\n\t\t<div class=\"elementor-element elementor-element-e741133 e-flex e-con-boxed e-con e-parent\" data-id=\"e741133\" data-element_type=\"container\">\n\t\t\t\t\t<div class=\"e-con-inner\">\n\t\t<div class=\"elementor-element elementor-element-6fdb1a3 e-con-full e-flex e-con e-child\" data-id=\"6fdb1a3\" data-element_type=\"container\">\n\t\t\t\t<div class=\"elementor-element elementor-element-0d4ceb7 elementor-widget elementor-widget-text-editor\" data-id=\"0d4ceb7\" data-element_type=\"widget\" data-widget_type=\"text-editor.default\">\n\t\t\t\t<div class=\"elementor-widget-container\">\n\t\t\t<style>\/*! elementor - v3.23.0 - 05-08-2024 *\/\n.elementor-widget-text-editor.elementor-drop-cap-view-stacked .elementor-drop-cap{background-color:#69727d;color:#fff}.elementor-widget-text-editor.elementor-drop-cap-view-framed .elementor-drop-cap{color:#69727d;border:3px solid;background-color:transparent}.elementor-widget-text-editor:not(.elementor-drop-cap-view-default) .elementor-drop-cap{margin-top:8px}.elementor-widget-text-editor:not(.elementor-drop-cap-view-default) .elementor-drop-cap-letter{width:1em;height:1em}.elementor-widget-text-editor .elementor-drop-cap{float:left;text-align:center;line-height:1;font-size:50px}.elementor-widget-text-editor .elementor-drop-cap-letter{display:inline-block}<\/style>\t\t\t\t<p>P\u00e4rast klientide juriidiliste n\u00f5uete sisestamist s\u00fcsteemi viib see intelligentse hindamise kaudu kokku vastavad \u00f5iguseksperdid. Pilvetaristuga pidevalt aktiivne s\u00fcsteem pakub kiiret ja lihtsat juurdep\u00e4\u00e4su igalt veebiplatvormilt. Oma veebi- ja mobiililiidestega pakub see palju t\u00f6\u00f6riistu, nagu kiirs\u00f5numid, videok\u00f5ned ja dokumentide jagamine k\u00f5igil platvormidel.<\/p>\t\t\t\t\t\t<\/div>\n\t\t\t\t<\/div>\n\t\t\t\t<\/div>\n\t\t\t\t\t<\/div>\n\t\t\t\t<\/div>\n\t\t<div class=\"elementor-element elementor-element-aa68a15 e-flex e-con-boxed e-con e-parent\" data-id=\"aa68a15\" data-element_type=\"container\">\n\t\t\t\t\t<div class=\"e-con-inner\">\n\t\t<div class=\"elementor-element elementor-element-12e2cec e-con-full e-flex e-con e-child\" data-id=\"12e2cec\" data-element_type=\"container\">\n\t\t\t\t<div class=\"elementor-element elementor-element-8941060 elementor-widget elementor-widget-text-editor\" data-id=\"8941060\" data-element_type=\"widget\" data-widget_type=\"text-editor.default\">\n\t\t\t\t<div class=\"elementor-widget-container\">\n\t\t\t\t\t\t\t<h4>I. Andmepank<\/h4><p>S\u00fcsteemis on registreeritud ulatuslik advokaatide v\u00f5rgustik, kes abistavad kliente nende \u00f5igustoimingutes. See suurandmete s\u00fcsteem on valmis intelligentsete mootorite kaudu pakkuma kliendile kiireimaid lahendusi. Neil on juurdep\u00e4\u00e4s \u00f5igusekspertidele suurte andmete kohta, et seda t\u00fc\u00fcpi s\u00fcsteemid saaksid teha kiiremaid ja t\u00e4psemaid otsuseid.<\/p>\t\t\t\t\t\t<\/div>\n\t\t\t\t<\/div>\n\t\t\t\t<\/div>\n\t\t<div class=\"elementor-element elementor-element-a277531 e-con-full e-flex e-con e-child\" data-id=\"a277531\" data-element_type=\"container\">\n\t\t\t\t<div class=\"elementor-element elementor-element-37b9d32 elementor-widget elementor-widget-text-editor\" data-id=\"37b9d32\" data-element_type=\"widget\" data-widget_type=\"text-editor.default\">\n\t\t\t\t<div class=\"elementor-widget-container\">\n\t\t\t\t\t\t\t<h4>II. Meie otsuste tugis\u00fcsteem<\/h4><p>Kui \u00f5iguslikud vajadused on s\u00fcsteemi sisestatud, kategoriseerib s\u00fcsteem vastavalt vajadusele k\u00f5ige sobivamad \u00f5iguseksperdid. See v\u00f5imaldab kliendil suhelda \u00f5ige \u00f5iguseksperdiga, kes edastatakse intelligentsete hindamisreeglite kaudu.<\/p>\t\t\t\t\t\t<\/div>\n\t\t\t\t<\/div>\n\t\t\t\t<\/div>\n\t\t<div class=\"elementor-element elementor-element-810d123 e-con-full e-flex e-con e-child\" data-id=\"810d123\" data-element_type=\"container\">\n\t\t\t\t<div class=\"elementor-element elementor-element-16f9f4d elementor-widget elementor-widget-text-editor\" data-id=\"16f9f4d\" data-element_type=\"widget\" data-widget_type=\"text-editor.default\">\n\t\t\t\t<div class=\"elementor-widget-container\">\n\t\t\t\t\t\t\t<h4>III. Meie juristide hinnangute moodul<\/h4><p>Platvormil on t\u00e4iustatud hindamiss\u00fcsteem \u00f5igusekspertide jaoks. \u00d5iguseksperdid alluvad intelligentsele hindamisprotsessile paljudes valdkondades, nagu kriteeriumid, klientide hinnangud ja \u00f5iguskogemus.<\/p>\t\t\t\t\t\t<\/div>\n\t\t\t\t<\/div>\n\t\t\t\t<\/div>\n\t\t<div class=\"elementor-element elementor-element-9604ec8 e-con-full e-flex e-con e-child\" data-id=\"9604ec8\" data-element_type=\"container\">\n\t\t\t\t<div class=\"elementor-element elementor-element-34a6945 elementor-widget elementor-widget-text-editor\" data-id=\"34a6945\" data-element_type=\"widget\" data-widget_type=\"text-editor.default\">\n\t\t\t\t<div class=\"elementor-widget-container\">\n\t\t\t\t\t\t\t<h4>IV. Nutikas j\u00e4rjekorra moodul<\/h4><p>S\u00fcsteemis on registreeritud ulatuslik advokaatide v\u00f5rgustik, kes abistavad kliente nende \u00f5igustoimingutes. See suurandmete s\u00fcsteem on valmis intelligentsete mootorite kaudu pakkuma kliendile kiireimaid lahendusi. Neil on juurdep\u00e4\u00e4s \u00f5igusekspertidele suurte andmete kohta, et seda t\u00fc\u00fcpi s\u00fcsteemid saaksid teha kiiremaid ja t\u00e4psemaid otsuseid.<\/p>\t\t\t\t\t\t<\/div>\n\t\t\t\t<\/div>\n\t\t\t\t<\/div>\n\t\t<div class=\"elementor-element elementor-element-4eb3b64 e-con-full e-flex e-con e-child\" data-id=\"4eb3b64\" data-element_type=\"container\">\n\t\t\t\t<div class=\"elementor-element elementor-element-b6a08cb elementor-widget elementor-widget-text-editor\" data-id=\"b6a08cb\" data-element_type=\"widget\" data-widget_type=\"text-editor.default\">\n\t\t\t\t<div class=\"elementor-widget-container\">\n\t\t\t\t\t\t\t<h4>V. Pilvejuristide infos\u00fcsteem<\/h4><p>Kui \u00f5iguslikud vajadused on s\u00fcsteemi sisestatud, kategoriseerib s\u00fcsteem vastavalt vajadusele k\u00f5ige sobivamad \u00f5iguseksperdid. See v\u00f5imaldab kliendil suhelda \u00f5ige \u00f5iguseksperdiga, kes edastatakse intelligentsete hindamisreeglite kaudu.<\/p>\t\t\t\t\t\t<\/div>\n\t\t\t\t<\/div>\n\t\t\t\t<\/div>\n\t\t<div class=\"elementor-element elementor-element-e5e26ce e-con-full e-flex e-con e-child\" data-id=\"e5e26ce\" data-element_type=\"container\">\n\t\t\t\t<div class=\"elementor-element elementor-element-29ef10f elementor-widget elementor-widget-text-editor\" data-id=\"29ef10f\" data-element_type=\"widget\" data-widget_type=\"text-editor.default\">\n\t\t\t\t<div class=\"elementor-widget-container\">\n\t\t\t\t\t\t\t<h4>VI. EsCoin Blockchain Platform<\/h4><p>Platvormil on t\u00e4iustatud hindamiss\u00fcsteem \u00f5igusekspertide jaoks. \u00d5iguseksperdid alluvad intelligentsele hindamisprotsessile paljudes valdkondades, nagu kriteeriumid, klientide hinnangud ja \u00f5iguskogemus.<\/p>\t\t\t\t\t\t<\/div>\n\t\t\t\t<\/div>\n\t\t\t\t<\/div>\n\t\t\t\t\t<\/div>\n\t\t\t\t<\/div>\n\t\t<div class=\"elementor-element elementor-element-f687d2d e-flex e-con-boxed e-con e-parent\" data-id=\"f687d2d\" data-element_type=\"container\">\n\t\t\t\t\t<div class=\"e-con-inner\">\n\t\t<div class=\"elementor-element elementor-element-e176435 e-con-full e-flex e-con e-child\" data-id=\"e176435\" data-element_type=\"container\">\n\t\t\t\t<div class=\"elementor-element elementor-element-73cc1f0 elementor-widget elementor-widget-text-editor\" data-id=\"73cc1f0\" data-element_type=\"widget\" data-widget_type=\"text-editor.default\">\n\t\t\t\t<div class=\"elementor-widget-container\">\n\t\t\t\t\t\t\t<h4>VII.K\u00f5nemoodul<\/h4><p>Call Module on teenus, mis pakub kiiret ja professionaalset konsultatsiooni Escoini juriidiliste platvormide \u00f6kos\u00fcsteemide \u00f5igusprotsessides \u00fcle kogu maailma. See annab v\u00f5imaluse suurendada tulu, pakkudes advokaatidele ja advokaadib\u00fcroodele veebikonsultatsioone.<\/p><p>Kuulates klientide juriidilisi vajadusi, on neil lihtne suhelda nendega kontoris, kodus, restoranis v\u00f5i mis tahes soovitud keskkonnas.<\/p>\t\t\t\t\t\t<\/div>\n\t\t\t\t<\/div>\n\t\t\t\t<\/div>\n\t\t\t\t\t<\/div>\n\t\t\t\t<\/div>\n\t\t\t\t<\/div>","protected":false},"excerpt":{"rendered":"<p>LEGAL RESOLUTION PLATFORM ESCOIN LEGAL PLATFORM IS A HUGE ECOSYSTEM After having entering the legal requirements of the clients to the system, it brings together the appropriate legal experts through the intelligent evaluation. The system, which is constantly active with the cloud infrastructure, offers quick and easy access from every online platform. With its web [&hellip;]<\/p>","protected":false},"author":1,"featured_media":0,"parent":0,"menu_order":0,"comment_status":"closed","ping_status":"closed","template":"elementor_header_footer","meta":{"_acf_changed":false,"footnotes":""},"class_list":["post-4093","page","type-page","status-publish","hentry"],"acf":[],"yoast_head":"<!-- This site is optimized with the Yoast SEO plugin v23.2 - https:\/\/yoast.com\/wordpress\/plugins\/seo\/ -->\n<title>Legal Resolution Platform | Escoin (ELG)<\/title>\n<meta name=\"description\" content=\"Escoin Legal Platform is a huge ecosystem. You can find detailed information about this system and its submodules on this page.\" \/>\n<meta name=\"robots\" content=\"index, follow, max-snippet:-1, max-image-preview:large, max-video-preview:-1\" \/>\n<link rel=\"canonical\" href=\"https:\/\/escoin.ee\/et\/legal-resolution-platform\/\" \/>\n<meta property=\"og:locale\" content=\"et_EE\" \/>\n<meta property=\"og:type\" content=\"article\" \/>\n<meta property=\"og:title\" content=\"Legal Resolution Platform | Escoin (ELG)\" \/>\n<meta property=\"og:description\" content=\"Escoin Legal Platform is a huge ecosystem. You can find detailed information about this system and its submodules on this page.\" \/>\n<meta property=\"og:url\" content=\"https:\/\/escoin.ee\/et\/legal-resolution-platform\/\" \/>\n<meta property=\"og:site_name\" content=\"Escoin (ELG)\" \/>\n<meta property=\"article:publisher\" content=\"https:\/\/www.facebook.com\/ICOEscoin\/\" \/>\n<meta property=\"article:modified_time\" content=\"2024-03-11T11:51:57+00:00\" \/>\n<meta name=\"twitter:card\" content=\"summary_large_image\" \/>\n<meta name=\"twitter:site\" content=\"@EsCoinICO\" \/>\n<meta name=\"twitter:label1\" content=\"Est. reading time\" \/>\n\t<meta name=\"twitter:data1\" content=\"2 minutit\" \/>\n<script type=\"application\/ld+json\" class=\"yoast-schema-graph\">{\"@context\":\"https:\/\/schema.org\",\"@graph\":[{\"@type\":\"WebPage\",\"@id\":\"https:\/\/escoin.ee\/legal-resolution-platform\/\",\"url\":\"https:\/\/escoin.ee\/legal-resolution-platform\/\",\"name\":\"Legal Resolution Platform | Escoin (ELG)\",\"isPartOf\":{\"@id\":\"https:\/\/escoin.ee\/#website\"},\"datePublished\":\"2024-01-19T09:45:28+00:00\",\"dateModified\":\"2024-03-11T11:51:57+00:00\",\"description\":\"Escoin Legal Platform is a huge ecosystem. You can find detailed information about this system and its submodules on this page.\",\"breadcrumb\":{\"@id\":\"https:\/\/escoin.ee\/legal-resolution-platform\/#breadcrumb\"},\"inLanguage\":\"et\",\"potentialAction\":[{\"@type\":\"ReadAction\",\"target\":[\"https:\/\/escoin.ee\/legal-resolution-platform\/\"]}]},{\"@type\":\"BreadcrumbList\",\"@id\":\"https:\/\/escoin.ee\/legal-resolution-platform\/#breadcrumb\",\"itemListElement\":[{\"@type\":\"ListItem\",\"position\":1,\"name\":\"Home\",\"item\":\"https:\/\/escoin.ee\/\"},{\"@type\":\"ListItem\",\"position\":2,\"name\":\"Legal Resolution Platform\"}]},{\"@type\":\"WebSite\",\"@id\":\"https:\/\/escoin.ee\/#website\",\"url\":\"https:\/\/escoin.ee\/\",\"name\":\"Escoin (ELG)\",\"description\":\"Global Legal Service!\",\"publisher\":{\"@id\":\"https:\/\/escoin.ee\/#organization\"},\"alternateName\":\"Escoin Token\",\"potentialAction\":[{\"@type\":\"SearchAction\",\"target\":{\"@type\":\"EntryPoint\",\"urlTemplate\":\"https:\/\/escoin.ee\/?s={search_term_string}\"},\"query-input\":\"required name=search_term_string\"}],\"inLanguage\":\"et\"},{\"@type\":\"Organization\",\"@id\":\"https:\/\/escoin.ee\/#organization\",\"name\":\"Escoin (ELG)\",\"alternateName\":\"Escoin Token\",\"url\":\"https:\/\/escoin.ee\/\",\"logo\":{\"@type\":\"ImageObject\",\"inLanguage\":\"et\",\"@id\":\"https:\/\/escoin.ee\/#\/schema\/logo\/image\/\",\"url\":\"https:\/\/escoin.ee\/wp-content\/uploads\/escoin-logotype.svg\",\"contentUrl\":\"https:\/\/escoin.ee\/wp-content\/uploads\/escoin-logotype.svg\",\"width\":546,\"height\":546,\"caption\":\"Escoin (ELG)\"},\"image\":{\"@id\":\"https:\/\/escoin.ee\/#\/schema\/logo\/image\/\"},\"sameAs\":[\"https:\/\/www.facebook.com\/ICOEscoin\/\",\"https:\/\/x.com\/EsCoinICO\",\"https:\/\/www.instagram.com\/escointoken_elg\/\",\"https:\/\/www.linkedin.com\/company\/escoinico\/\",\"https:\/\/www.reddit.com\/user\/EsCoinICO\",\"https:\/\/www.youtube.com\/@escoinico8340\",\"https:\/\/t.me\/EscoinICO\"]}]}<\/script>\n<!-- \/ Yoast SEO plugin. -->","yoast_head_json":{"title":"Legal Resolution Platform | Escoin (ELG)","description":"Escoin Legal Platform is a huge ecosystem. You can find detailed information about this system and its submodules on this page.","robots":{"index":"index","follow":"follow","max-snippet":"max-snippet:-1","max-image-preview":"max-image-preview:large","max-video-preview":"max-video-preview:-1"},"canonical":"https:\/\/escoin.ee\/et\/legal-resolution-platform\/","og_locale":"et_EE","og_type":"article","og_title":"Legal Resolution Platform | Escoin (ELG)","og_description":"Escoin Legal Platform is a huge ecosystem. You can find detailed information about this system and its submodules on this page.","og_url":"https:\/\/escoin.ee\/et\/legal-resolution-platform\/","og_site_name":"Escoin (ELG)","article_publisher":"https:\/\/www.facebook.com\/ICOEscoin\/","article_modified_time":"2024-03-11T11:51:57+00:00","twitter_card":"summary_large_image","twitter_site":"@EsCoinICO","twitter_misc":{"Est. reading time":"2 minutit"},"schema":{"@context":"https:\/\/schema.org","@graph":[{"@type":"WebPage","@id":"https:\/\/escoin.ee\/legal-resolution-platform\/","url":"https:\/\/escoin.ee\/legal-resolution-platform\/","name":"Legal Resolution Platform | Escoin (ELG)","isPartOf":{"@id":"https:\/\/escoin.ee\/#website"},"datePublished":"2024-01-19T09:45:28+00:00","dateModified":"2024-03-11T11:51:57+00:00","description":"Escoin Legal Platform is a huge ecosystem. You can find detailed information about this system and its submodules on this page.","breadcrumb":{"@id":"https:\/\/escoin.ee\/legal-resolution-platform\/#breadcrumb"},"inLanguage":"et","potentialAction":[{"@type":"ReadAction","target":["https:\/\/escoin.ee\/legal-resolution-platform\/"]}]},{"@type":"BreadcrumbList","@id":"https:\/\/escoin.ee\/legal-resolution-platform\/#breadcrumb","itemListElement":[{"@type":"ListItem","position":1,"name":"Home","item":"https:\/\/escoin.ee\/"},{"@type":"ListItem","position":2,"name":"Legal Resolution Platform"}]},{"@type":"WebSite","@id":"https:\/\/escoin.ee\/#website","url":"https:\/\/escoin.ee\/","name":"Escoin (ELG)","description":"Global Legal Service!","publisher":{"@id":"https:\/\/escoin.ee\/#organization"},"alternateName":"Escoin Token","potentialAction":[{"@type":"SearchAction","target":{"@type":"EntryPoint","urlTemplate":"https:\/\/escoin.ee\/?s={search_term_string}"},"query-input":"required name=search_term_string"}],"inLanguage":"et"},{"@type":"Organization","@id":"https:\/\/escoin.ee\/#organization","name":"Escoin (ELG)","alternateName":"Escoin Token","url":"https:\/\/escoin.ee\/","logo":{"@type":"ImageObject","inLanguage":"et","@id":"https:\/\/escoin.ee\/#\/schema\/logo\/image\/","url":"https:\/\/escoin.ee\/wp-content\/uploads\/escoin-logotype.svg","contentUrl":"https:\/\/escoin.ee\/wp-content\/uploads\/escoin-logotype.svg","width":546,"height":546,"caption":"Escoin (ELG)"},"image":{"@id":"https:\/\/escoin.ee\/#\/schema\/logo\/image\/"},"sameAs":["https:\/\/www.facebook.com\/ICOEscoin\/","https:\/\/x.com\/EsCoinICO","https:\/\/www.instagram.com\/escointoken_elg\/","https:\/\/www.linkedin.com\/company\/escoinico\/","https:\/\/www.reddit.com\/user\/EsCoinICO","https:\/\/www.youtube.com\/@escoinico8340","https:\/\/t.me\/EscoinICO"]}]}},"_links":{"self":[{"href":"https:\/\/escoin.ee\/et\/wp-json\/wp\/v2\/pages\/4093"}],"collection":[{"href":"https:\/\/escoin.ee\/et\/wp-json\/wp\/v2\/pages"}],"about":[{"href":"https:\/\/escoin.ee\/et\/wp-json\/wp\/v2\/types\/page"}],"author":[{"embeddable":true,"href":"https:\/\/escoin.ee\/et\/wp-json\/wp\/v2\/users\/1"}],"replies":[{"embeddable":true,"href":"https:\/\/escoin.ee\/et\/wp-json\/wp\/v2\/comments?post=4093"}],"version-history":[{"count":1,"href":"https:\/\/escoin.ee\/et\/wp-json\/wp\/v2\/pages\/4093\/revisions"}],"predecessor-version":[{"id":5995,"href":"https:\/\/escoin.ee\/et\/wp-json\/wp\/v2\/pages\/4093\/revisions\/5995"}],"wp:attachment":[{"href":"https:\/\/escoin.ee\/et\/wp-json\/wp\/v2\/media?parent=4093"}],"curies":[{"name":"wp","href":"https:\/\/api.w.org\/{rel}","templated":true}]}}